{"id":814,"date":"2017-03-17T15:35:13","date_gmt":"2017-03-17T14:35:13","guid":{"rendered":"https:\/\/www.zenetqi.fr\/?page_id=814"},"modified":"2020-02-16T19:50:57","modified_gmt":"2020-02-16T18:50:57","slug":"presentation-de-lassociation","status":"publish","type":"page","link":"https:\/\/www.zenetqi.fr\/index.php\/presentation-de-lassociation\/","title":{"rendered":"Pr\u00e9sentation de l&rsquo;association"},"content":{"rendered":"<h2><span style=\"color: #800000;\">Association, statut loi 1901:<\/span><\/h2>\n<div class=\"texte\">\n<p>L&rsquo;association Zen et Qi propose des cours collectifs et particuliers de hatha yoga, yoga tib\u00e9tain, yoga pr\u00e9natal, yoga ados, qi gong, et yoga des yeux. Les activit\u00e9s ont lieux dans une salle d\u00e9di\u00e9e aux pratiques de bien-\u00eatre, au calme et face \u00e0 la Nature.<\/p>\n<p>Il est possible de participer \u00e0 des stages de m\u00e9ditation, lithoth\u00e9rapie, \u00e9nerg\u00e9tique&#8230; Les inscriptions sont ouvertes tout au long de l&rsquo;ann\u00e9e.<\/p>\n<p>&nbsp;<\/p>\n<\/div>\n<div class=\"paragraphe\">\n<h3><span style=\"color: #800000;\">\u00a0Autres activit\u00e9s :<\/span><\/h3>\n<\/div>\n<ul>\n<li><span style=\"color: #800000;\"><span class=\"caret_item fa-caret-right padding_left\">D\u00e9veloppement personnel:<\/span>\u00a0<\/span>Relaxation, M\u00e9ditation, Sophrologie.<\/li>\n<li><span style=\"color: #800000;\"><span class=\"caret_item fa-caret-right padding_left\">Energ\u00e9tique<\/span> :\u00a0<\/span>R\u00e9flexologie, Chakras, Merkabah, Shambhala<\/li>\n<\/ul>\n<p><a href=\"https:\/\/www.zenetqi.fr\/desjeux.htm\" target=\"_blank\" rel=\"noopener\">Emmanuel Desjeux<\/a><\/p>\n<p style=\"text-align: right;\"><a href=\"https:\/\/www.zenetqi.fr\">Retour \u00e0 l&rsquo;accueil<\/a><\/p>\n","protected":false},"excerpt":{"rendered":"<p>Association, statut loi 1901: L&rsquo;association Zen et Qi propose des cours collectifs et particuliers de hatha yoga, yoga tib\u00e9tain, yoga pr\u00e9natal, yoga ados, qi gong, et yoga des yeux. Les activit\u00e9s ont lieux dans une salle d\u00e9di\u00e9e aux pratiques de bien-\u00eatre, au calme et face \u00e0 la Nature. Il est possible de participer \u00e0 des [&hellip;]<\/p>\n","protected":false},"author":1,"featured_media":0,"parent":0,"menu_order":0,"comment_status":"closed","ping_status":"closed","template":"","meta":{"_et_pb_use_builder":"","_et_pb_old_content":"","_et_gb_content_width":"","footnotes":""},"class_list":["post-814","page","type-page","status-publish","hentry"],"_links":{"self":[{"href":"https:\/\/www.zenetqi.fr\/index.php\/wp-json\/wp\/v2\/pages\/814","targetHints":{"allow":["GET"]}}],"collection":[{"href":"https:\/\/www.zenetqi.fr\/index.php\/wp-json\/wp\/v2\/pages"}],"about":[{"href":"https:\/\/www.zenetqi.fr\/index.php\/wp-json\/wp\/v2\/types\/page"}],"author":[{"embeddable":true,"href":"https:\/\/www.zenetqi.fr\/index.php\/wp-json\/wp\/v2\/users\/1"}],"replies":[{"embeddable":true,"href":"https:\/\/www.zenetqi.fr\/index.php\/wp-json\/wp\/v2\/comments?post=814"}],"version-history":[{"count":15,"href":"https:\/\/www.zenetqi.fr\/index.php\/wp-json\/wp\/v2\/pages\/814\/revisions"}],"predecessor-version":[{"id":1785,"href":"https:\/\/www.zenetqi.fr\/index.php\/wp-json\/wp\/v2\/pages\/814\/revisions\/1785"}],"wp:attachment":[{"href":"https:\/\/www.zenetqi.fr\/index.php\/wp-json\/wp\/v2\/media?parent=814"}],"curies":[{"name":"wp","href":"https:\/\/api.w.org\/{rel}","templated":true}]}}