{"id":2498,"date":"2022-09-04T21:07:49","date_gmt":"2022-09-04T19:07:49","guid":{"rendered":"https:\/\/www.zenetqi.fr\/?page_id=2498"},"modified":"2025-09-05T19:31:26","modified_gmt":"2025-09-05T17:31:26","slug":"fabrice-hohn","status":"publish","type":"page","link":"https:\/\/www.zenetqi.fr\/index.php\/fabrice-hohn\/","title":{"rendered":"Fabrice Hohn"},"content":{"rendered":"<p>[et_pb_section fb_built=\u00a0\u00bb1&Prime; fullwidth=\u00a0\u00bbon\u00a0\u00bb _builder_version=\u00a0\u00bb4.16&Prime; background_color=\u00a0\u00bb#f2f2f2&Prime; custom_padding=\u00a0\u00bb||100px||false|false\u00a0\u00bb global_colors_info=\u00a0\u00bb{}\u00a0\u00bb][et_pb_fullwidth_post_title meta=\u00a0\u00bboff\u00a0\u00bb featured_image=\u00a0\u00bboff\u00a0\u00bb _builder_version=\u00a0\u00bb4.16&Prime; title_text_align=\u00a0\u00bbcenter\u00a0\u00bb title_font_size=\u00a0\u00bb36px\u00a0\u00bb global_colors_info=\u00a0\u00bb{}\u00a0\u00bb][\/et_pb_fullwidth_post_title][\/et_pb_section][et_pb_section fb_built=\u00a0\u00bb1&Prime; _builder_version=\u00a0\u00bb4.16&Prime; global_colors_info=\u00a0\u00bb{}\u00a0\u00bb][et_pb_row _builder_version=\u00a0\u00bb4.16&Prime; background_size=\u00a0\u00bbinitial\u00a0\u00bb background_position=\u00a0\u00bbtop_left\u00a0\u00bb background_repeat=\u00a0\u00bbrepeat\u00a0\u00bb global_colors_info=\u00a0\u00bb{}\u00a0\u00bb][et_pb_column type=\u00a0\u00bb4_4&Prime; _builder_version=\u00a0\u00bb4.16&Prime; custom_padding=\u00a0\u00bb|||\u00a0\u00bb global_colors_info=\u00a0\u00bb{}\u00a0\u00bb custom_padding__hover=\u00a0\u00bb|||\u00a0\u00bb][et_pb_image src=\u00a0\u00bbhttps:\/\/www.zenetqi.fr\/wp-content\/uploads\/2024\/09\/fab-portrait2w.jpg\u00a0\u00bb alt=\u00a0\u00bbFabrice Hohn professeur Chi Kung\u00a0\u00bb title_text=\u00a0\u00bbFabrice Hohn professeur \u00a0\u00bb align=\u00a0\u00bbcenter\u00a0\u00bb _builder_version=\u00a0\u00bb4.24.2&Prime; width=\u00a0\u00bb30%\u00a0\u00bb global_colors_info=\u00a0\u00bb{}\u00a0\u00bb][\/et_pb_image][et_pb_text disabled_on=\u00a0\u00bboff|off|off\u00a0\u00bb _builder_version=\u00a0\u00bb4.16&Prime; background_size=\u00a0\u00bbinitial\u00a0\u00bb background_position=\u00a0\u00bbtop_left\u00a0\u00bb background_repeat=\u00a0\u00bbrepeat\u00a0\u00bb global_colors_info=\u00a0\u00bb{}\u00a0\u00bb]<\/p>\n<p><strong><\/strong><\/p>\n<p><strong><\/strong><\/p>\n<p><strong><\/strong><\/p>\n<p><strong><\/strong><\/p>\n<p><strong><\/strong><\/p>\n<p><strong><\/strong><\/p>\n<p>&nbsp;<\/p>\n<h2>Horaires des cours de chi kung :<\/h2>\n<div class=\"et_pb_module et_pb_text et_pb_text_0  et_pb_text_align_left et_pb_bg_layout_light\">\n<div class=\"et_pb_text_inner\">\n<p>Le mardi de 14h30 \u00e0 15h30.<\/p>\n<p>&nbsp;<\/p>\n<p>&nbsp;<\/p>\n<p>Le chi kung est une discipline chinoise bas\u00e9e sur la gestion des \u00e9nergies dans les m\u00e9ridiens d\u2019acupuncture. Elle implique un assouplissement et une tonification des chaines musculaires.<\/p>\n<p>&nbsp;<\/p>\n<p>\u00a0Le chi kung, dans les cours de Fabrice Hohn qui l\u2019enseigne depuis une trentaine d\u2019ann\u00e9es, est compl\u00e8tement li\u00e9 \u00e0 la m\u00e9decine chinoise. Les aspects physiques, physiologiques, respiratoires, \u00e9nerg\u00e9tiques, \u00e9motionnels, psychologiques et spirituels y sont int\u00e9gr\u00e9s.<\/p>\n<p>En pratiques, cette saison 2024-2025 comportera des chi kung pour transformer les \u00e9motions n\u00e9fastes et se relier au spirituel (fusion des cinq \u00e9l\u00e9ments des tao\u00efstes et mouvements des cinq animaux).<\/p>\n<p>&nbsp;<\/p>\n<h2>Tarifs \u00e0 l\u2019ann\u00e9e :<\/h2>\n<p>\u2013 Cours collectifs : 258 \u20ac les 32 cours.<br \/>\u2013 Cours individuels : me consulter<\/p>\n<p>Adh\u00e9sion (obligatoire pour valider l\u2019inscription) : 20 \u20ac<br \/>Tarifs pr\u00e9f\u00e9rentiels : ch\u00f4meur ou \u00e9tudiant : \u2013 20%, famille : \u2013 10%<\/p>\n<p>Premier cours le 17 septembre 2024.<\/p>\n<p>Contactez Fabrice Hohn pour une s\u00e9ance d\u00e9couverte : 06.07.45.18.02.<\/p>\n<\/div>\n<\/div>\n<p>&nbsp;<\/p>\n<p>&nbsp;<\/p>\n<p>&nbsp;<\/p>\n<p>&nbsp;<\/p>\n<p>&nbsp;<\/p>\n<p>&nbsp;<\/p>\n<p>&nbsp;<\/p>\n<p>&nbsp;<\/p>\n<h2>\u00a0\u00a0<\/h2>\n<p>&nbsp;<\/p>\n<p>[\/et_pb_text][\/et_pb_column][\/et_pb_row][\/et_pb_section]<\/p>\n","protected":false},"excerpt":{"rendered":"<p>&nbsp; Horaires des cours de chi kung : Le mardi de 14h30 \u00e0 15h30. &nbsp; &nbsp; Le chi kung est une discipline chinoise bas\u00e9e sur la gestion des \u00e9nergies dans les m\u00e9ridiens d\u2019acupuncture. Elle implique un assouplissement et une tonification des chaines musculaires. &nbsp; \u00a0Le chi kung, dans les cours de Fabrice Hohn qui l\u2019enseigne [&hellip;]<\/p>\n","protected":false},"author":1,"featured_media":0,"parent":0,"menu_order":0,"comment_status":"closed","ping_status":"closed","template":"","meta":{"_et_pb_use_builder":"on","_et_pb_old_content":"","_et_gb_content_width":"","footnotes":""},"class_list":["post-2498","page","type-page","status-publish","hentry"],"_links":{"self":[{"href":"https:\/\/www.zenetqi.fr\/index.php\/wp-json\/wp\/v2\/pages\/2498","targetHints":{"allow":["GET"]}}],"collection":[{"href":"https:\/\/www.zenetqi.fr\/index.php\/wp-json\/wp\/v2\/pages"}],"about":[{"href":"https:\/\/www.zenetqi.fr\/index.php\/wp-json\/wp\/v2\/types\/page"}],"author":[{"embeddable":true,"href":"https:\/\/www.zenetqi.fr\/index.php\/wp-json\/wp\/v2\/users\/1"}],"replies":[{"embeddable":true,"href":"https:\/\/www.zenetqi.fr\/index.php\/wp-json\/wp\/v2\/comments?post=2498"}],"version-history":[{"count":15,"href":"https:\/\/www.zenetqi.fr\/index.php\/wp-json\/wp\/v2\/pages\/2498\/revisions"}],"predecessor-version":[{"id":2913,"href":"https:\/\/www.zenetqi.fr\/index.php\/wp-json\/wp\/v2\/pages\/2498\/revisions\/2913"}],"wp:attachment":[{"href":"https:\/\/www.zenetqi.fr\/index.php\/wp-json\/wp\/v2\/media?parent=2498"}],"curies":[{"name":"wp","href":"https:\/\/api.w.org\/{rel}","templated":true}]}}