{"id":2379,"date":"2022-03-26T10:52:28","date_gmt":"2022-03-26T09:52:28","guid":{"rendered":"https:\/\/www.zenetqi.fr\/?page_id=2379"},"modified":"2026-03-11T22:57:08","modified_gmt":"2026-03-11T21:57:08","slug":"retraite-shamballah","status":"publish","type":"page","link":"https:\/\/www.zenetqi.fr\/index.php\/retraite-shamballah\/","title":{"rendered":"Retraite Shamballah"},"content":{"rendered":"<p>[et_pb_section fb_built=\u00a0\u00bb1&Prime; fullwidth=\u00a0\u00bbon\u00a0\u00bb _builder_version=\u00a0\u00bb4.16&Prime; background_color=\u00a0\u00bb#f2f2f2&Prime; custom_padding=\u00a0\u00bb||100px||false|false\u00a0\u00bb global_colors_info=\u00a0\u00bb{}\u00a0\u00bb][et_pb_fullwidth_post_title meta=\u00a0\u00bboff\u00a0\u00bb featured_image=\u00a0\u00bboff\u00a0\u00bb _builder_version=\u00a0\u00bb4.16&Prime; title_text_align=\u00a0\u00bbcenter\u00a0\u00bb title_font_size=\u00a0\u00bb36px\u00a0\u00bb global_colors_info=\u00a0\u00bb{}\u00a0\u00bb][\/et_pb_fullwidth_post_title][\/et_pb_section][et_pb_section fb_built=\u00a0\u00bb1&Prime; _builder_version=\u00a0\u00bb4.16&Prime; global_colors_info=\u00a0\u00bb{}\u00a0\u00bb][et_pb_row _builder_version=\u00a0\u00bb4.16&Prime; background_size=\u00a0\u00bbinitial\u00a0\u00bb background_position=\u00a0\u00bbtop_left\u00a0\u00bb background_repeat=\u00a0\u00bbrepeat\u00a0\u00bb global_colors_info=\u00a0\u00bb{}\u00a0\u00bb][et_pb_column type=\u00a0\u00bb4_4&Prime; _builder_version=\u00a0\u00bb4.16&Prime; custom_padding=\u00a0\u00bb|||\u00a0\u00bb global_colors_info=\u00a0\u00bb{}\u00a0\u00bb custom_padding__hover=\u00a0\u00bb|||\u00a0\u00bb][et_pb_text _builder_version=\u00a0\u00bb4.24.2&Prime; _module_preset=\u00a0\u00bbdefault\u00a0\u00bb custom_padding=\u00a0\u00bb3px|||||\u00a0\u00bb global_colors_info=\u00a0\u00bb{}\u00a0\u00bb]<\/p>\n<h4 style=\"text-align: center;\">\u00a0trois journ\u00e9es d\u2019initiations pour d\u00e9velopper et affiner ses canaux m\u00e9diumniques.<\/h4>\n<p>&nbsp;<\/p>\n<h4 style=\"text-align: center;\"><strong><\/strong><\/h4>\n<h4 style=\"text-align: left;\"><\/h4>\n<h4 style=\"text-align: left;\"><strong>Les 9, 10 et 11 MAI<\/strong> : centre zen et qi (complet)<\/h4>\n<h4 style=\"text-align: left;\"><strong>Les 4, 5 et 6 juillet<\/strong> : centre zen et qi<\/h4>\n<p style=\"text-align: left;\">\n<p>&nbsp;<\/p>\n<p>[\/et_pb_text][et_pb_image src=\u00a0\u00bbhttps:\/\/www.zenetqi.fr\/wp-content\/uploads\/2022\/03\/Thekchen-Rimpoche-2.jpg\u00a0\u00bb alt=\u00a0\u00bbHelene\u00a0\u00bb title_text=\u00a0\u00bbHelene_site2&Prime; show_in_lightbox=\u00a0\u00bbon\u00a0\u00bb align=\u00a0\u00bbcenter\u00a0\u00bb _builder_version=\u00a0\u00bb4.16&Prime; global_colors_info=\u00a0\u00bb{}\u00a0\u00bb][\/et_pb_image][et_pb_text _builder_version=\u00a0\u00bb4.16&Prime; background_size=\u00a0\u00bbinitial\u00a0\u00bb background_position=\u00a0\u00bbtop_left\u00a0\u00bb background_repeat=\u00a0\u00bbrepeat\u00a0\u00bb global_colors_info=\u00a0\u00bb{}\u00a0\u00bb]<\/p>\n<p><strong>Il s&rsquo;agit d&rsquo;ouvrir et de nettoyer les canaux m\u00e9diumniques. <\/strong>Les initiations Shambhala s\u2019inscrivent dans la tradition vajrayana bouddhiste.\u00a0 Avant les techniques de soin, il s\u2019agit de consolider une forme de connexion avec les \u00e9nergies des maitres Shambhala. On apprend \u00e0 recevoir des \u00e9nergies qui vont nettoyer et \u00e9quilibrer les canaux des plans physiques aux plans les plus subtils.<\/p>\n<p>Dans la culture tib\u00e9taine, les dimensions de Shambhala sont repr\u00e9sent\u00e9es par le mandala de Kalachakra. Les initiations tantriques sont g\u00e9n\u00e9ralement r\u00e9serv\u00e9 \u00e0 des pratiquants avertis, mais Sa Saintet\u00e9 le Dala\u00ef Lama a ouvert l\u2019acc\u00e8s aux initiations du Kalachakra au publique le plus large. C\u2019est peut-\u00eatre parce que ces sagesses sont associ\u00e9es \u00e0 la communaut\u00e9, \u00e0 la soci\u00e9t\u00e9 dans son ensemble. \u00a0<\/p>\n<p>Durant ce stage, des techniques de soins seront expliqu\u00e9es et pratiqu\u00e9es deux par deux, ou sur soi-m\u00eame, et nous verront comment \u00a0Shambhala permet d\u2019acc\u00e9der \u00e0 une \u00e9nergie infiniment vaste au-del\u00e0 de la sph\u00e8re personnelle.<\/p>\n<p>\u00a0Le Dala\u00ef Lama explique qu\u2019il y a de nombreuses controverses quant \u00e0 la localisation exact de la cit\u00e9e, mais que cela n\u2019a pas vraiment d\u2019importance. Ce qui compte, c\u2019est qu\u2019un lien se cr\u00e9e entre l\u2019initi\u00e9 et les maitres, quelque soit le niveau de pratique individuel. \u00a0Cela permet \u00e0 toute la soci\u00e9t\u00e9 d\u2019avancer, d\u2019autant qu\u2019il est pr\u00e9dit qu\u2019un jour, Shambhala entrera \u00a0en interaction avec notre monde&#8230;<\/p>\n<p>&nbsp;<\/p>\n<p>Le stage se d\u00e9roule sur trois jours o\u00f9 se succ\u00e8dent les initiations, les exercices pratiques et les explications. Chacun am\u00e8ne un plat \u00e0 partager pour le d\u00e9jeuner,<br \/>Le nombre de participants est limit\u00e9 \u00e0 huit personnes.<br \/>Participation : 300\u20ac Bilan astrologique en option : 50\u20ac, pr\u00e9venir au moins 15 jours avant le stage.<br \/>Acompte : 50\u20ac par ch\u00e8que<\/p>\n<p>E.Desjeux <br \/>T. 06 28 07 54 60<br \/>22 all\u00e9e du Cerny, au Cellier<br \/><a href=\"mailto:zenetqi@free.fr\"><\/a><\/p>\n<p>[\/et_pb_text][\/et_pb_column][\/et_pb_row][\/et_pb_section]<\/p>\n","protected":false},"excerpt":{"rendered":"<p>\u00a0trois journ\u00e9es d\u2019initiations pour d\u00e9velopper et affiner ses canaux m\u00e9diumniques. &nbsp; Les 9, 10 et 11 MAI : centre zen et qi (complet) Les 4, 5 et 6 juillet : centre zen et qi &nbsp;Il s&rsquo;agit d&rsquo;ouvrir et de nettoyer les canaux m\u00e9diumniques. Les initiations Shambhala s\u2019inscrivent dans la tradition vajrayana bouddhiste.\u00a0 Avant les techniques [&hellip;]<\/p>\n","protected":false},"author":1,"featured_media":0,"parent":0,"menu_order":0,"comment_status":"closed","ping_status":"closed","template":"","meta":{"_et_pb_use_builder":"on","_et_pb_old_content":"","_et_gb_content_width":"","footnotes":""},"class_list":["post-2379","page","type-page","status-publish","hentry"],"_links":{"self":[{"href":"https:\/\/www.zenetqi.fr\/index.php\/wp-json\/wp\/v2\/pages\/2379","targetHints":{"allow":["GET"]}}],"collection":[{"href":"https:\/\/www.zenetqi.fr\/index.php\/wp-json\/wp\/v2\/pages"}],"about":[{"href":"https:\/\/www.zenetqi.fr\/index.php\/wp-json\/wp\/v2\/types\/page"}],"author":[{"embeddable":true,"href":"https:\/\/www.zenetqi.fr\/index.php\/wp-json\/wp\/v2\/users\/1"}],"replies":[{"embeddable":true,"href":"https:\/\/www.zenetqi.fr\/index.php\/wp-json\/wp\/v2\/comments?post=2379"}],"version-history":[{"count":28,"href":"https:\/\/www.zenetqi.fr\/index.php\/wp-json\/wp\/v2\/pages\/2379\/revisions"}],"predecessor-version":[{"id":2964,"href":"https:\/\/www.zenetqi.fr\/index.php\/wp-json\/wp\/v2\/pages\/2379\/revisions\/2964"}],"wp:attachment":[{"href":"https:\/\/www.zenetqi.fr\/index.php\/wp-json\/wp\/v2\/media?parent=2379"}],"curies":[{"name":"wp","href":"https:\/\/api.w.org\/{rel}","templated":true}]}}