{"id":2340,"date":"2022-02-21T15:06:58","date_gmt":"2022-02-21T14:06:58","guid":{"rendered":"https:\/\/www.zenetqi.fr\/?page_id=2340"},"modified":"2026-03-11T17:12:46","modified_gmt":"2026-03-11T16:12:46","slug":"calendrier-des-formations","status":"publish","type":"page","link":"https:\/\/www.zenetqi.fr\/index.php\/calendrier-des-formations\/","title":{"rendered":"Calendrier des formations 2025 \/ 2026 :"},"content":{"rendered":"\n<p><\/p>\n\n\n\n<p><strong>Octobre<\/strong><br>12 : <a href=\"https:\/\/www.zenetqi.fr\/index.php\/yoga-des-yeux\/\">yoga des yeux<\/a><\/p>\n\n\n\n<p><strong>Novembre<\/strong><br>16 : <a href=\"https:\/\/www.zenetqi.fr\/index.php\/yoga-des-yeux\/\">yoga des yeux<\/a><\/p>\n\n\n\n<p><strong>D\u00e9cembre<\/strong><br>14 : <a href=\"https:\/\/www.zenetqi.fr\/index.php\/yoga-des-yeux\/\">yoga des yeux<\/a><\/p>\n\n\n\n<p><strong>Janvier<\/strong><br>11 : <a href=\"https:\/\/www.zenetqi.fr\/index.php\/yoga-des-yeux\/\">yoga des yeux<\/a><br>26 : <a href=\"https:\/\/www.zenetqi.fr\/index.php\/2024\/09\/26\/journee-ressourcement\/\/\">journ\u00e9e ressoucement<\/a><\/p>\n\n\n\n<p>F\u00e9vrier<br>8 : <a href=\"https:\/\/www.zenetqi.fr\/index.php\/yoga-des-yeux\/\">yoga des yeux<\/a><\/p>\n\n\n\n<p><strong>Mars<\/strong><strong><br><\/strong>15 : <a href=\"https:\/\/www.zenetqi.fr\/index.php\/yoga-des-yeux\/\">yoga des yeux<\/a><br>29&nbsp;: <a href=\"https:\/\/www.zenetqi.fr\/index.php\/formations-de-lithotherapie\/\">Lithoth\u00e9rapie 1<\/a><\/p>\n\n\n\n<p><strong>Avril<\/strong><br>11 : journ\u00e9e \u00ab\u00a0entre Ciel et Terre<\/p>\n\n\n\n<p><strong>Mai<\/strong><br>9, 10, et 11 : <a href=\"https:\/\/www.zenetqi.fr\/index.php\/retraite-shamballah\/\">retraite Shamballah<\/a><strong><br><\/strong>17 : <a href=\"https:\/\/www.zenetqi.fr\/index.php\/formations-de-lithotherapie\/\">Lithoth\u00e9rapie 2<\/a><\/p>\n\n\n\n<p><strong>Juin<\/strong><br>6 et 7 f\u00eate du centre<br>13 et 14&nbsp;: <a href=\"https:\/\/www.zenetqi.fr\/index.php\/initiation-a-la-merkabah-tibetaine\/\">Merkabah<\/a><\/p>\n\n\n\n<p><strong>Juillet<br><\/strong> 4, 5 et 6 : <a href=\"https:\/\/www.zenetqi.fr\/index.php\/retraite-shamballah\/\">retraite Shamballah<\/a><br>11 et 12 : <a href=\"https:\/\/www.zenetqi.fr\/index.php\/formations-de-lithotherapie\/\">Lithoth\u00e9rapie 2.3<\/a><\/p>\n\n\n\n<p><strong>Ao\u00fbt<\/strong><br>22 et 23&nbsp;: <a href=\"https:\/\/www.zenetqi.fr\/index.php\/formations-de-lithotherapie\/\">Cristaux et mandalas<\/a><\/p>\n","protected":false},"excerpt":{"rendered":"<p>Octobre12 : yoga des yeux Novembre16 : yoga des yeux D\u00e9cembre14 : yoga des yeux Janvier11 : yoga des yeux26 : journ\u00e9e ressoucement F\u00e9vrier8 : yoga des yeux Mars15 : yoga des yeux29&nbsp;: Lithoth\u00e9rapie 1 Avril11 : journ\u00e9e \u00ab\u00a0entre Ciel et Terre Mai9, 10, et 11 : retraite Shamballah17 : Lithoth\u00e9rapie 2 Juin6 et 7 [&hellip;]<\/p>\n","protected":false},"author":1,"featured_media":0,"parent":0,"menu_order":0,"comment_status":"closed","ping_status":"closed","template":"","meta":{"_et_pb_use_builder":"off","_et_pb_old_content":"","_et_gb_content_width":"","footnotes":""},"class_list":["post-2340","page","type-page","status-publish","hentry"],"_links":{"self":[{"href":"https:\/\/www.zenetqi.fr\/index.php\/wp-json\/wp\/v2\/pages\/2340","targetHints":{"allow":["GET"]}}],"collection":[{"href":"https:\/\/www.zenetqi.fr\/index.php\/wp-json\/wp\/v2\/pages"}],"about":[{"href":"https:\/\/www.zenetqi.fr\/index.php\/wp-json\/wp\/v2\/types\/page"}],"author":[{"embeddable":true,"href":"https:\/\/www.zenetqi.fr\/index.php\/wp-json\/wp\/v2\/users\/1"}],"replies":[{"embeddable":true,"href":"https:\/\/www.zenetqi.fr\/index.php\/wp-json\/wp\/v2\/comments?post=2340"}],"version-history":[{"count":34,"href":"https:\/\/www.zenetqi.fr\/index.php\/wp-json\/wp\/v2\/pages\/2340\/revisions"}],"predecessor-version":[{"id":2962,"href":"https:\/\/www.zenetqi.fr\/index.php\/wp-json\/wp\/v2\/pages\/2340\/revisions\/2962"}],"wp:attachment":[{"href":"https:\/\/www.zenetqi.fr\/index.php\/wp-json\/wp\/v2\/media?parent=2340"}],"curies":[{"name":"wp","href":"https:\/\/api.w.org\/{rel}","templated":true}]}}