{"id":2316,"date":"2022-02-18T20:00:24","date_gmt":"2022-02-18T19:00:24","guid":{"rendered":"https:\/\/www.zenetqi.fr\/?page_id=2316"},"modified":"2026-03-12T13:09:17","modified_gmt":"2026-03-12T12:09:17","slug":"initiation-a-la-merkabah-tibetaine","status":"publish","type":"page","link":"https:\/\/www.zenetqi.fr\/index.php\/initiation-a-la-merkabah-tibetaine\/","title":{"rendered":"Initiation \u00e0 la Merkabah tib\u00e9taine"},"content":{"rendered":"<p>[et_pb_section fb_built=\u00a0\u00bb1&Prime; fullwidth=\u00a0\u00bbon\u00a0\u00bb _builder_version=\u00a0\u00bb4.16&Prime; background_color=\u00a0\u00bb#f2f2f2&Prime; custom_padding=\u00a0\u00bb||100px||false|false\u00a0\u00bb global_colors_info=\u00a0\u00bb{}\u00a0\u00bb][et_pb_fullwidth_post_title meta=\u00a0\u00bboff\u00a0\u00bb featured_image=\u00a0\u00bboff\u00a0\u00bb _builder_version=\u00a0\u00bb4.16&Prime; title_text_align=\u00a0\u00bbcenter\u00a0\u00bb title_font_size=\u00a0\u00bb36px\u00a0\u00bb global_colors_info=\u00a0\u00bb{}\u00a0\u00bb][\/et_pb_fullwidth_post_title][\/et_pb_section][et_pb_section fb_built=\u00a0\u00bb1&Prime; _builder_version=\u00a0\u00bb4.16&Prime; global_colors_info=\u00a0\u00bb{}\u00a0\u00bb][et_pb_row _builder_version=\u00a0\u00bb4.18.0&Prime; background_size=\u00a0\u00bbinitial\u00a0\u00bb background_position=\u00a0\u00bbtop_left\u00a0\u00bb background_repeat=\u00a0\u00bbrepeat\u00a0\u00bb min_height=\u00a0\u00bb1978.6px\u00a0\u00bb global_colors_info=\u00a0\u00bb{}\u00a0\u00bb][et_pb_column type=\u00a0\u00bb4_4&Prime; _builder_version=\u00a0\u00bb4.16&Prime; custom_padding=\u00a0\u00bb|||\u00a0\u00bb global_colors_info=\u00a0\u00bb{}\u00a0\u00bb custom_padding__hover=\u00a0\u00bb|||\u00a0\u00bb][et_pb_text _builder_version=\u00a0\u00bb4.18.0&Prime; background_size=\u00a0\u00bbinitial\u00a0\u00bb background_position=\u00a0\u00bbtop_left\u00a0\u00bb background_repeat=\u00a0\u00bbrepeat\u00a0\u00bb global_colors_info=\u00a0\u00bb{}\u00a0\u00bb]<\/p>\n<p>Deux journ\u00e9es pour aborder la g\u00e9om\u00e9trie sacr\u00e9e et apprendre \u00e0 aligner nos corps g\u00e9om\u00e9triques, ou corps de lumi\u00e8re, avec nos corps \u00e9nerg\u00e9tiques.<\/p>\n<p>&nbsp;<\/p>\n<p>&nbsp;<\/p>\n<p>&nbsp;<\/p>\n<p><img decoding=\"async\" src=\"https:\/\/www.zenetqi.fr\/wp-content\/uploads\/2021\/05\/Vajravarahi.jpg\" alt=\"L\u2019attribut alt de cette image est vide, son nom de fichier est Vajravarahi.jpg.\" style=\"display: block; margin-left: auto; margin-right: auto;\" \/><\/p>\n<p><!-- \/divi:paragraph --><!-- divi:paragraph --><!-- \/divi:paragraph --><!-- divi:paragraph --><\/p>\n<p>&nbsp;<\/p>\n<p>&nbsp;<\/p>\n<p><strong>Les sources :<\/strong><\/p>\n<p>La transmission de la notion de Merkabah est relativement complexe, d&rsquo;abord parce que les sources de travail sont par nature \u00e9sot\u00e9riques, et ensuite parce que dans leur contenu, certains points sont devenus caduques \u00e0 cause de l&rsquo;\u00e9volution tr\u00e8s rapide des \u00e9nergies actuelles de la plan\u00e8te Terre.<\/p>\n<p>Il existe diff\u00e9rentes merkabahs, li\u00e9es aux traditions \u00e9gyptiennes, juives, arabes, chamaniques et tib\u00e9taines. Nous avons choisit de nous int\u00e9resser \u00e0 la Merkabah tib\u00e9taine pour profiter de la richesse du vocabulaire de la psychologie tantrique, et pour acqu\u00e9rir une connaissance li\u00e9e \u00e0 l&rsquo;exp\u00e9rience directe, sans avoir besoin d&rsquo;approfondir des notions de g\u00e9om\u00e9tries complexes.<\/p>\n<p>Dans la tradition bouddhique tib\u00e9taine, le Bouddha a fait tourner trois fois la roue de l&rsquo;enseignement, pour offrir trois voies diff\u00e9rentes :<br \/>&#8211; le petit v\u00e9hicule : Hinayana, qui m\u00e8ne \u00e0 l&rsquo;illumination individuelle<br \/>&#8211; le grand v\u00e9hicule : Mahayana, qui m\u00e8ne \u00e0 l&rsquo;illumination de tout ce qui existe<br \/>&#8211; le v\u00e9hicule de diamant : Vajrayana, ou Mahayana tantrique, qui apprends \u00e0 corriger notre mani\u00e8re de percevoir et de transformer la conscience.<\/p>\n<p>La Merkabah issue de traditions bouddhistes et hindouistes, a \u00e9t\u00e9 introduit au Tibet avec le Vajrayana, au VIII \u00e8me si\u00e8cle par Padmasambhava, guru-magicien indien devenu l&rsquo;un des personnages cl\u00e9 de l&rsquo;histoire du Tibet.<\/p>\n<p>&nbsp;<\/p>\n<p><!-- \/divi:paragraph --><!-- divi:image {\"id\":2098,\"sizeSlug\":\"large\"} --><\/p>\n<figure class=\"wp-block-image size-large\"><img loading=\"lazy\" decoding=\"async\" width=\"567\" height=\"862\" src=\"https:\/\/www.zenetqi.fr\/wp-content\/uploads\/2020\/09\/Vajrayogini-1.jpg\" alt=\"Mandala\" class=\"wp-image-2098\" style=\"display: block; margin-left: auto; margin-right: auto;\" srcset=\"https:\/\/www.zenetqi.fr\/wp-content\/uploads\/2020\/09\/Vajrayogini-1.jpg 567w, https:\/\/www.zenetqi.fr\/wp-content\/uploads\/2020\/09\/Vajrayogini-1-480x730.jpg 480w\" sizes=\"(min-width: 0px) and (max-width: 480px) 480px, (min-width: 481px) 567px, 100vw\" \/><\/figure>\n<p><!-- \/divi:image --><!-- divi:paragraph --><!-- \/divi:paragraph --><!-- divi:paragraph --><\/p>\n<p><strong>D\u00e9roulement du stage :<br \/><\/strong><br \/>Le programme de la journ\u00e9e repose sur trois axes :<\/p>\n<p>&nbsp;<\/p>\n<p>a) comprendre quels sont et comment fonctionnent les \u00e9l\u00e9ments constitutifs de notre incarnation<br \/>b) nettoyer ces composantes<br \/>c) les laisser se mettre en mouvement<\/p>\n<p>a) Nous serons amen\u00e9s \u00e0 d\u00e9finir les notions de corps, d&rsquo;\u00e2me, d&rsquo;esprit, d&rsquo;ego, de corps \u00e9nerg\u00e9tiques li\u00e9s aux chakras, de corps de lumi\u00e8re li\u00e9s aux formes g\u00e9om\u00e9triques des solides de Platon.<\/p>\n<p>b) Des m\u00e9ditations guid\u00e9es vont permettre de nettoyer les diff\u00e9rentes m\u00e9moires et les diff\u00e9rents corps qui nous constituent.<\/p>\n<p>c) Des mandalas de cristaux aident les corps subtiles \u00e0 accueillir les \u00e9nergies.<\/p>\n<p>d) Des exercices guid\u00e9s vont vous aider \u00e0 aligner vos d\u00e9sirs \u00e9gotiques avec vos d\u00e9sirs inconscient et ceux de votre conscience divine. D&rsquo;autre vous am\u00e8nerons \u00e0 vivre une expansion de conscience sous la guidance de cette conscience divine.<\/p>\n<p><!-- \/divi:paragraph --><!-- divi:paragraph --><\/p>\n<p>Tarifs adh\u00e9rents : 280 \u20ac,<br \/>adh\u00e9sion obligatoire : 20 \u20ac.<br \/>Horaires : de 9h30 \u00e0 18h.<\/p>\n<p>\u00a0<a href=\"https:\/\/www.zenetqi.fr\/index.php\/calendrier-des-formations\/\">Calendrier des stages.<\/a><\/p>\n<p><em>L&rsquo;inscription est valid\u00e9e d\u00e8s r\u00e9ception d&rsquo;un acompte de 50 \u20ac par ch\u00e8que \u00e0 l&rsquo;ordre de \u00ab\u00a0Association Zen et Qi\u00a0\u00bb.<br \/>Le solde sera vers\u00e9 par le stagiaire en d\u00e9but de stage.<br \/>Adresse : Association Zen et Qi 22, all\u00e9e du Cerny, 44850 Le Cellier.<\/em><\/p>\n<p><!-- \/divi:paragraph --><!-- divi:paragraph --><\/p>\n<p><strong><em>Avec mes remerciements \u00e0 Serge Beudin et Cendrine qui m&rsquo;ont aid\u00e9 \u00e0 organiser ces connaissances!<\/em><\/strong><\/p>\n<p>&nbsp;<\/p>\n<p><!-- \/divi:paragraph -->[\/et_pb_text][\/et_pb_column][\/et_pb_row][\/et_pb_section]<\/p>\n","protected":false},"excerpt":{"rendered":"<p>Deux journ\u00e9es pour aborder la g\u00e9om\u00e9trie sacr\u00e9e et apprendre \u00e0 aligner nos corps g\u00e9om\u00e9triques, ou corps de lumi\u00e8re, avec nos corps \u00e9nerg\u00e9tiques. &nbsp; &nbsp; &nbsp; &nbsp; &nbsp; Les sources : La transmission de la notion de Merkabah est relativement complexe, d&rsquo;abord parce que les sources de travail sont par nature \u00e9sot\u00e9riques, et ensuite parce que [&hellip;]<\/p>\n","protected":false},"author":1,"featured_media":2095,"parent":0,"menu_order":0,"comment_status":"closed","ping_status":"closed","template":"","meta":{"_et_pb_use_builder":"on","_et_pb_old_content":"","_et_gb_content_width":"","footnotes":""},"class_list":["post-2316","page","type-page","status-publish","has-post-thumbnail","hentry"],"_links":{"self":[{"href":"https:\/\/www.zenetqi.fr\/index.php\/wp-json\/wp\/v2\/pages\/2316","targetHints":{"allow":["GET"]}}],"collection":[{"href":"https:\/\/www.zenetqi.fr\/index.php\/wp-json\/wp\/v2\/pages"}],"about":[{"href":"https:\/\/www.zenetqi.fr\/index.php\/wp-json\/wp\/v2\/types\/page"}],"author":[{"embeddable":true,"href":"https:\/\/www.zenetqi.fr\/index.php\/wp-json\/wp\/v2\/users\/1"}],"replies":[{"embeddable":true,"href":"https:\/\/www.zenetqi.fr\/index.php\/wp-json\/wp\/v2\/comments?post=2316"}],"version-history":[{"count":16,"href":"https:\/\/www.zenetqi.fr\/index.php\/wp-json\/wp\/v2\/pages\/2316\/revisions"}],"predecessor-version":[{"id":2966,"href":"https:\/\/www.zenetqi.fr\/index.php\/wp-json\/wp\/v2\/pages\/2316\/revisions\/2966"}],"wp:featuredmedia":[{"embeddable":true,"href":"https:\/\/www.zenetqi.fr\/index.php\/wp-json\/wp\/v2\/media\/2095"}],"wp:attachment":[{"href":"https:\/\/www.zenetqi.fr\/index.php\/wp-json\/wp\/v2\/media?parent=2316"}],"curies":[{"name":"wp","href":"https:\/\/api.w.org\/{rel}","templated":true}]}}