{"id":1961,"date":"2020-09-04T16:59:43","date_gmt":"2020-09-04T14:59:43","guid":{"rendered":"https:\/\/www.zenetqi.fr\/?page_id=1961"},"modified":"2024-08-14T13:19:11","modified_gmt":"2024-08-14T11:19:11","slug":"yoga-enfants","status":"publish","type":"page","link":"https:\/\/www.zenetqi.fr\/index.php\/yoga-enfants\/","title":{"rendered":"Yoga enfants"},"content":{"rendered":"<p>[et_pb_section fb_built=\u00a0\u00bb1&Prime; fullwidth=\u00a0\u00bbon\u00a0\u00bb _builder_version=\u00a0\u00bb4.16&Prime; background_color=\u00a0\u00bb#f2f2f2&Prime; custom_padding=\u00a0\u00bb||57px||false|false\u00a0\u00bb global_colors_info=\u00a0\u00bb{}\u00a0\u00bb][et_pb_fullwidth_post_title meta=\u00a0\u00bboff\u00a0\u00bb featured_image=\u00a0\u00bboff\u00a0\u00bb _builder_version=\u00a0\u00bb4.16&Prime; title_text_align=\u00a0\u00bbcenter\u00a0\u00bb title_font_size=\u00a0\u00bb36px\u00a0\u00bb global_colors_info=\u00a0\u00bb{}\u00a0\u00bb][\/et_pb_fullwidth_post_title][\/et_pb_section][et_pb_section fb_built=\u00a0\u00bb1&Prime; _builder_version=\u00a0\u00bb4.16&Prime; global_colors_info=\u00a0\u00bb{}\u00a0\u00bb][et_pb_row _builder_version=\u00a0\u00bb4.16&Prime; global_colors_info=\u00a0\u00bb{}\u00a0\u00bb][et_pb_column type=\u00a0\u00bb4_4&Prime; _builder_version=\u00a0\u00bb4.16&Prime; global_colors_info=\u00a0\u00bb{}\u00a0\u00bb][et_pb_image src=\u00a0\u00bbhttps:\/\/www.zenetqi.fr\/wp-content\/uploads\/2020\/09\/yogaenf_bdef39.jpg\u00a0\u00bb alt=\u00a0\u00bbYoga enfants\u00a0\u00bb title_text=\u00a0\u00bbYoga enfants\u00a0\u00bb show_in_lightbox=\u00a0\u00bbon\u00a0\u00bb align=\u00a0\u00bbcenter\u00a0\u00bb _builder_version=\u00a0\u00bb4.16&Prime; global_colors_info=\u00a0\u00bb{}\u00a0\u00bb][\/et_pb_image][et_pb_text _builder_version=\u00a0\u00bb4.16&Prime; text_orientation=\u00a0\u00bbjustified\u00a0\u00bb custom_padding=\u00a0\u00bb||0px|||\u00a0\u00bb global_colors_info=\u00a0\u00bb{}\u00a0\u00bb]<\/p>\n<p><strong><em>Le yoga\u00a0: une source de progression pour tous.<\/em><\/strong><\/p>\n<p><em>\u00a0\u00a0 <\/em>L\u2019enfant est tr\u00e8s t\u00f4t sollicit\u00e9 dans diff\u00e9rents environnements, et doit s\u2019adapter \u00e0 chaque entourage. Ces\u00a0 adaptations vari\u00e9es peuvent g\u00e9n\u00e9rer des \u00e9motions complexes.<\/p>\n<p>\u00a0\u00a0 Les outils du yoga permettent d\u2019apprivoiser ses \u00e9motions, rep\u00e9rer quand on s\u2019\u00e9carte de soi-m\u00eame et trouver les moyens de se recentrer.<\/p>\n<p>\u00a0\u00a0 Cet atelier est une premi\u00e8re approche ludique. Les enfants sont invit\u00e9s \u00e0 d\u00e9couvrir et am\u00e9liorer leurs forces int\u00e9rieures \u00e0 travers des jeux vocaux, des jeux th\u00e9\u00e2traux et des contes.<\/p>\n<p><em>\u00a0<\/em><\/p>\n<p><strong><em>Les ateliers\u00a0<\/em><\/strong>:<\/p>\n<p>\u00a0\u00a0 Les ateliers durent 3\/4 d\u2019heure, 1 fois par mois.<\/p>\n<p>\u00a0\u00a0 Les ateliers sont limit\u00e9s \u00e0 6 enfants maximum, ce qui permet de respecter l\u2019individualit\u00e9 de chaque enfant.<\/p>\n<p><em>\u00a0<\/em><\/p>\n<p>&nbsp;<\/p>\n<p>[\/et_pb_text][et_pb_button button_url=\u00a0\u00bbhttps:\/\/www.zenetqi.fr\/index.php\/contact\/\u00a0\u00bb button_text=\u00a0\u00bbNous contacter pour plus d&rsquo;infos\u00a0\u00bb button_alignment=\u00a0\u00bbcenter\u00a0\u00bb _builder_version=\u00a0\u00bb4.16&Prime; global_colors_info=\u00a0\u00bb{}\u00a0\u00bb][\/et_pb_button][\/et_pb_column][\/et_pb_row][\/et_pb_section]<\/p>\n","protected":false},"excerpt":{"rendered":"<p>Le yoga\u00a0: une source de progression pour tous. \u00a0\u00a0 L\u2019enfant est tr\u00e8s t\u00f4t sollicit\u00e9 dans diff\u00e9rents environnements, et doit s\u2019adapter \u00e0 chaque entourage. Ces\u00a0 adaptations vari\u00e9es peuvent g\u00e9n\u00e9rer des \u00e9motions complexes. \u00a0\u00a0 Les outils du yoga permettent d\u2019apprivoiser ses \u00e9motions, rep\u00e9rer quand on s\u2019\u00e9carte de soi-m\u00eame et trouver les moyens de se recentrer. \u00a0\u00a0 Cet [&hellip;]<\/p>\n","protected":false},"author":1,"featured_media":0,"parent":0,"menu_order":0,"comment_status":"closed","ping_status":"closed","template":"","meta":{"_et_pb_use_builder":"on","_et_pb_old_content":"","_et_gb_content_width":"","footnotes":""},"class_list":["post-1961","page","type-page","status-publish","hentry"],"_links":{"self":[{"href":"https:\/\/www.zenetqi.fr\/index.php\/wp-json\/wp\/v2\/pages\/1961","targetHints":{"allow":["GET"]}}],"collection":[{"href":"https:\/\/www.zenetqi.fr\/index.php\/wp-json\/wp\/v2\/pages"}],"about":[{"href":"https:\/\/www.zenetqi.fr\/index.php\/wp-json\/wp\/v2\/types\/page"}],"author":[{"embeddable":true,"href":"https:\/\/www.zenetqi.fr\/index.php\/wp-json\/wp\/v2\/users\/1"}],"replies":[{"embeddable":true,"href":"https:\/\/www.zenetqi.fr\/index.php\/wp-json\/wp\/v2\/comments?post=1961"}],"version-history":[{"count":8,"href":"https:\/\/www.zenetqi.fr\/index.php\/wp-json\/wp\/v2\/pages\/1961\/revisions"}],"predecessor-version":[{"id":2816,"href":"https:\/\/www.zenetqi.fr\/index.php\/wp-json\/wp\/v2\/pages\/1961\/revisions\/2816"}],"wp:attachment":[{"href":"https:\/\/www.zenetqi.fr\/index.php\/wp-json\/wp\/v2\/media?parent=1961"}],"curies":[{"name":"wp","href":"https:\/\/api.w.org\/{rel}","templated":true}]}}