{"id":1849,"date":"2020-06-09T08:57:01","date_gmt":"2020-06-09T06:57:01","guid":{"rendered":"https:\/\/www.zenetqi.fr\/?page_id=1849"},"modified":"2024-08-14T13:14:30","modified_gmt":"2024-08-14T11:14:30","slug":"sandra-roussel","status":"publish","type":"page","link":"https:\/\/www.zenetqi.fr\/index.php\/sandra-roussel\/","title":{"rendered":"Sandra Roussel"},"content":{"rendered":"<p>[et_pb_section fb_built=\u00a0\u00bb1&Prime; fullwidth=\u00a0\u00bbon\u00a0\u00bb _builder_version=\u00a0\u00bb4.16&Prime; background_color=\u00a0\u00bb#f2f2f2&Prime; custom_padding=\u00a0\u00bb||100px||false|false\u00a0\u00bb global_colors_info=\u00a0\u00bb{}\u00a0\u00bb][et_pb_fullwidth_post_title meta=\u00a0\u00bboff\u00a0\u00bb featured_image=\u00a0\u00bboff\u00a0\u00bb _builder_version=\u00a0\u00bb4.16&Prime; title_text_align=\u00a0\u00bbcenter\u00a0\u00bb title_font_size=\u00a0\u00bb36px\u00a0\u00bb global_colors_info=\u00a0\u00bb{}\u00a0\u00bb][\/et_pb_fullwidth_post_title][\/et_pb_section][et_pb_section fb_built=\u00a0\u00bb1&Prime; _builder_version=\u00a0\u00bb4.16&Prime; global_colors_info=\u00a0\u00bb{}\u00a0\u00bb][et_pb_row _builder_version=\u00a0\u00bb4.16&Prime; background_size=\u00a0\u00bbinitial\u00a0\u00bb background_position=\u00a0\u00bbtop_left\u00a0\u00bb background_repeat=\u00a0\u00bbrepeat\u00a0\u00bb global_colors_info=\u00a0\u00bb{}\u00a0\u00bb][et_pb_column type=\u00a0\u00bb4_4&Prime; _builder_version=\u00a0\u00bb4.16&Prime; custom_padding=\u00a0\u00bb|||\u00a0\u00bb global_colors_info=\u00a0\u00bb{}\u00a0\u00bb custom_padding__hover=\u00a0\u00bb|||\u00a0\u00bb][et_pb_image src=\u00a0\u00bbhttps:\/\/www.zenetqi.fr\/wp-content\/uploads\/2023\/08\/received_265534285327377.jpeg\u00a0\u00bb title_text=\u00a0\u00bbreceived_265534285327377&Prime; align=\u00a0\u00bbcenter\u00a0\u00bb _builder_version=\u00a0\u00bb4.18.0&Prime; width=\u00a0\u00bb30%\u00a0\u00bb global_colors_info=\u00a0\u00bb{}\u00a0\u00bb][\/et_pb_image][et_pb_text disabled_on=\u00a0\u00bboff|off|off\u00a0\u00bb _builder_version=\u00a0\u00bb4.16&Prime; background_size=\u00a0\u00bbinitial\u00a0\u00bb background_position=\u00a0\u00bbtop_left\u00a0\u00bb background_repeat=\u00a0\u00bbrepeat\u00a0\u00bb global_colors_info=\u00a0\u00bb{}\u00a0\u00bb]<\/p>\n<p><strong><\/strong><\/p>\n<p><strong><\/strong><\/p>\n<p><strong><\/strong><\/p>\n<p><strong><\/strong><\/p>\n<p><strong><\/strong><\/p>\n<p><strong><\/strong> <\/p>\n<p>&nbsp;<\/p>\n<p>&nbsp;<\/p>\n<p><strong>Le Savita Yoga<\/strong>\u00a0est une alchimie de postures dynamiques et statiques, de respirations sp\u00e9cifiques, de relaxation, de mudras (gestes, postures des mains et du corps), de sons, de chants et de m\u00e9ditation.<\/p>\n<p>Il est porteur de la science et des enseignements des V\u00e9das, sagesse mill\u00e9naire mise \u00e0 la disposition des temps actuels, et du Tantra.<\/p>\n<p>Il v\u00e9hicule les caract\u00e9ristiques des diff\u00e9rentes voies du yoga : Jnana ,Bhakti Raja et Karma yoga.<\/p>\n<p>Le Savita Yoga est une alliance du Hatha Yoga, Kundalini Yoga, Kriya Yoga, Mantra Yoga, Laya Yoga et Yoga Int\u00e9gral.<\/p>\n<p>Une technique holistique puissante qui travaille sur les diff\u00e9rents plans de l&rsquo;\u00catre.<\/p>\n<p>\u00a0\u00a0<strong>Le Savita Yoga<\/strong><\/p>\n<p><strong>R\u00e9g\u00e9n\u00e8re<\/strong>\u00a0tout les syst\u00e8mes physiques du corps:\u00a0Nerveux &#8211; Digestifs &#8211; Musculaires &#8211; Respiratoires &#8211; Circulatoires<\/p>\n<p><strong>\u00c9quilibre<\/strong>\u00a0les diff\u00e9rents plans :\u00a0Corps &#8211; Coeur &#8211; Esprit<\/p>\n<p><strong>Purifie<\/strong>\u00a0les corps:\u00a0Physique &#8211; Pranique \u2013 Mental<\/p>\n<p>&nbsp;<\/p>\n<p><strong>Le<\/strong>\u00a0<strong>Savita Yoga<\/strong>\u00a0peut vous aider \u00e0:<\/p>\n<ul wfd-id=\"291\">\n<li wfd-id=\"299\">Traverser plus sereinement tous les stress de la vie.<\/li>\n<li wfd-id=\"298\">Maintenir tous les syst\u00e8mes fonctionnels du corps en bonne sant\u00e9.<\/li>\n<li wfd-id=\"297\">Recharger votre\u00a0\u00e9nergie vitale et mieux g\u00e9rer cette \u00e9nergie.<\/li>\n<li wfd-id=\"296\">\u00catre plus centr\u00e9, \u00e0 l&rsquo;\u00e9coute de vous-m\u00eame et des autres.<\/li>\n<li wfd-id=\"295\">Mieux ma\u00eetriser et canaliser vos \u00e9motions.<\/li>\n<li wfd-id=\"294\">D\u00e9velopper votre cr\u00e9ativit\u00e9.<\/li>\n<li wfd-id=\"293\">Am\u00e9liorer vos comportements dans vos relations affectives et professionnels.<\/li>\n<li wfd-id=\"292\">D\u00e9velopper votre joie de vivre !\u00a0<\/li>\n<\/ul>\n<p>&nbsp;<\/p>\n<p>MON PARCOURS<\/p>\n<p>Je rencontre et pratique le Yoga aupr\u00e8s d&rsquo;Aline Mah\u00e9 Garcia depuis 2004 et le transmet depuis 2014, apr\u00e8s quelques ann\u00e9es de pratique en cours de Yoga, je souhaitais aller plus loin dans cette pratique, et ce qu&rsquo;elle me procurais sur diff\u00e9rents plans, ce qui m&rsquo;a amen\u00e9 \u00e0 me former et ensuite le besoin de transmettre, de partager cette pratique du Yoga qui nourrit chaque jour, est venue naturellement.<\/p>\n<p>\u00a0\u00bb Le besoin de redonner ce que j&rsquo;ai gracieusement re\u00e7u \u00ab\u00a0<\/p>\n<p>&nbsp;<\/p>\n<p>&nbsp;<\/p>\n<h2>Tarifs \u00e0 l&rsquo;ann\u00e9e :<\/h2>\n<p>Nous consulter<\/p>\n<p>Adh\u00e9sion (obligatoire pour valider l&rsquo;inscription) : 20 \u20ac<br \/>Tarifs pr\u00e9f\u00e9rentiels : ch\u00f4meur ou \u00e9tudiant : &#8211; 20%, famille : &#8211; 10%<\/p>\n<p>&nbsp;<\/p>\n<p>&nbsp;<\/p>\n<h2>\u00a0\u00a0<\/h2>\n<p>&nbsp;<\/p>\n<p>[\/et_pb_text][\/et_pb_column][\/et_pb_row][\/et_pb_section]<\/p>\n","protected":false},"excerpt":{"rendered":"<p>&nbsp; &nbsp; Le Savita Yoga\u00a0est une alchimie de postures dynamiques et statiques, de respirations sp\u00e9cifiques, de relaxation, de mudras (gestes, postures des mains et du corps), de sons, de chants et de m\u00e9ditation. Il est porteur de la science et des enseignements des V\u00e9das, sagesse mill\u00e9naire mise \u00e0 la disposition des temps actuels, et du [&hellip;]<\/p>\n","protected":false},"author":1,"featured_media":0,"parent":0,"menu_order":0,"comment_status":"closed","ping_status":"closed","template":"","meta":{"_et_pb_use_builder":"on","_et_pb_old_content":"","_et_gb_content_width":"","footnotes":""},"class_list":["post-1849","page","type-page","status-publish","hentry"],"_links":{"self":[{"href":"https:\/\/www.zenetqi.fr\/index.php\/wp-json\/wp\/v2\/pages\/1849","targetHints":{"allow":["GET"]}}],"collection":[{"href":"https:\/\/www.zenetqi.fr\/index.php\/wp-json\/wp\/v2\/pages"}],"about":[{"href":"https:\/\/www.zenetqi.fr\/index.php\/wp-json\/wp\/v2\/types\/page"}],"author":[{"embeddable":true,"href":"https:\/\/www.zenetqi.fr\/index.php\/wp-json\/wp\/v2\/users\/1"}],"replies":[{"embeddable":true,"href":"https:\/\/www.zenetqi.fr\/index.php\/wp-json\/wp\/v2\/comments?post=1849"}],"version-history":[{"count":16,"href":"https:\/\/www.zenetqi.fr\/index.php\/wp-json\/wp\/v2\/pages\/1849\/revisions"}],"predecessor-version":[{"id":2813,"href":"https:\/\/www.zenetqi.fr\/index.php\/wp-json\/wp\/v2\/pages\/1849\/revisions\/2813"}],"wp:attachment":[{"href":"https:\/\/www.zenetqi.fr\/index.php\/wp-json\/wp\/v2\/media?parent=1849"}],"curies":[{"name":"wp","href":"https:\/\/api.w.org\/{rel}","templated":true}]}}