{"id":1321,"date":"2019-09-11T21:53:24","date_gmt":"2019-09-11T19:53:24","guid":{"rendered":"https:\/\/www.zenetqi.fr\/?page_id=1321"},"modified":"2019-10-12T11:23:20","modified_gmt":"2019-10-12T09:23:20","slug":"reflexologie","status":"publish","type":"page","link":"https:\/\/www.zenetqi.fr\/index.php\/reflexologie\/","title":{"rendered":"Reflexologie"},"content":{"rendered":"<p>[et_pb_section fb_built=\u00a0\u00bb1&Prime; fullwidth=\u00a0\u00bbon\u00a0\u00bb _builder_version=\u00a0\u00bb3.27.4&Prime; background_color=\u00a0\u00bb#f2f2f2&Prime; custom_padding=\u00a0\u00bb||100px||false|false\u00a0\u00bb fb_built=\u00a0\u00bb1&Prime; _i=\u00a0\u00bb0&Prime; _address=\u00a0\u00bb0&Prime;][et_pb_fullwidth_post_title meta=\u00a0\u00bboff\u00a0\u00bb featured_image=\u00a0\u00bboff\u00a0\u00bb _builder_version=\u00a0\u00bb3.27.4&Prime; title_text_align=\u00a0\u00bbcenter\u00a0\u00bb title_font_size=\u00a0\u00bb36px\u00a0\u00bb _i=\u00a0\u00bb0&Prime; _address=\u00a0\u00bb0.0&Prime;][\/et_pb_fullwidth_post_title][\/et_pb_section][et_pb_section fb_built=\u00a0\u00bb1&Prime; _builder_version=\u00a0\u00bb3.28&Prime; fb_built=\u00a0\u00bb1&Prime; _i=\u00a0\u00bb1&Prime; _address=\u00a0\u00bb1&Prime;][et_pb_row _builder_version=\u00a0\u00bb3.28&Prime; _i=\u00a0\u00bb0&Prime; _address=\u00a0\u00bb1.0&Prime;][et_pb_column type=\u00a0\u00bb4_4&Prime; _builder_version=\u00a0\u00bb3.28&Prime; _i=\u00a0\u00bb0&Prime; _address=\u00a0\u00bb1.0.0&Prime;][et_pb_text _builder_version=\u00a0\u00bb3.28&Prime; text_orientation=\u00a0\u00bbjustified\u00a0\u00bb hover_enabled=\u00a0\u00bb0&Prime; _i=\u00a0\u00bb0&Prime; _address=\u00a0\u00bb1.0.0.0&Prime;]<\/p>\n<p>La r\u00e9flexologie plantaire permet de lutter contre le stress et de favoriser l\u2019apaisement des zones du corps qui vous font souffrir.  Ces massages consistent \u00e0 appliquer manuellement des pressions sur des zones dites \u00ab r\u00e9flexes \u00bb du pied en correspondance avec les organes, le squelette, les glandes, les muscles\u2026<\/p>\n<p>Cette technique permet de localiser les tensions du corps et autres dysfonctionnements, puis de les faire dispara\u00eetre. Elle vise \u00e0 restituer l\u2019\u00e9quilibre du corps et permet d\u2019activer le potentiel d\u2019auto-r\u00e9gulation de l\u2019organisme. En plus de l\u2019aspect th\u00e9rapeutique, la r\u00e9flexologie plantaire apporte de la d\u00e9tente et du bien-\u00eatre.<br \/>\nC\u2019est une pratique compl\u00e9mentaire \u00e0 la m\u00e9decine conventionnelle.\n<\/p>\n<p>[\/et_pb_text][et_pb_button button_url=\u00a0\u00bbhttps:\/\/www.zenetqi.fr\/index.php\/contact\/\u00a0\u00bb button_text=\u00a0\u00bbNous contacter pour plus d&rsquo;infos\u00a0\u00bb button_alignment=\u00a0\u00bbcenter\u00a0\u00bb _builder_version=\u00a0\u00bb3.28&Prime; _i=\u00a0\u00bb1&Prime; _address=\u00a0\u00bb1.0.0.1&Prime;][\/et_pb_button][\/et_pb_column][\/et_pb_row][\/et_pb_section]<\/p>\n","protected":false},"excerpt":{"rendered":"<p>La r\u00e9flexologie plantaire permet de lutter contre le stress et de favoriser l\u2019apaisement des zones du corps qui vous font souffrir. Ces massages consistent \u00e0 appliquer manuellement des pressions sur des zones dites \u00ab r\u00e9flexes \u00bb du pied en correspondance avec les organes, le squelette, les glandes, les muscles\u2026 Cette technique permet de localiser les [&hellip;]<\/p>\n","protected":false},"author":1,"featured_media":0,"parent":0,"menu_order":0,"comment_status":"closed","ping_status":"closed","template":"","meta":{"_et_pb_use_builder":"on","_et_pb_old_content":"","_et_gb_content_width":"","footnotes":""},"class_list":["post-1321","page","type-page","status-publish","hentry"],"_links":{"self":[{"href":"https:\/\/www.zenetqi.fr\/index.php\/wp-json\/wp\/v2\/pages\/1321","targetHints":{"allow":["GET"]}}],"collection":[{"href":"https:\/\/www.zenetqi.fr\/index.php\/wp-json\/wp\/v2\/pages"}],"about":[{"href":"https:\/\/www.zenetqi.fr\/index.php\/wp-json\/wp\/v2\/types\/page"}],"author":[{"embeddable":true,"href":"https:\/\/www.zenetqi.fr\/index.php\/wp-json\/wp\/v2\/users\/1"}],"replies":[{"embeddable":true,"href":"https:\/\/www.zenetqi.fr\/index.php\/wp-json\/wp\/v2\/comments?post=1321"}],"version-history":[{"count":3,"href":"https:\/\/www.zenetqi.fr\/index.php\/wp-json\/wp\/v2\/pages\/1321\/revisions"}],"predecessor-version":[{"id":1646,"href":"https:\/\/www.zenetqi.fr\/index.php\/wp-json\/wp\/v2\/pages\/1321\/revisions\/1646"}],"wp:attachment":[{"href":"https:\/\/www.zenetqi.fr\/index.php\/wp-json\/wp\/v2\/media?parent=1321"}],"curies":[{"name":"wp","href":"https:\/\/api.w.org\/{rel}","templated":true}]}}