{"id":1315,"date":"2019-09-11T21:51:05","date_gmt":"2019-09-11T19:51:05","guid":{"rendered":"https:\/\/www.zenetqi.fr\/?page_id=1315"},"modified":"2025-09-07T20:29:35","modified_gmt":"2025-09-07T18:29:35","slug":"yoga-femmes-enceintes","status":"publish","type":"page","link":"https:\/\/www.zenetqi.fr\/index.php\/yoga-femmes-enceintes\/","title":{"rendered":"Yoga femmes enceintes"},"content":{"rendered":"<p>[et_pb_section fb_built=\u00a0\u00bb1&Prime; fullwidth=\u00a0\u00bbon\u00a0\u00bb _builder_version=\u00a0\u00bb4.16&Prime; background_color=\u00a0\u00bb#f2f2f2&Prime; custom_padding=\u00a0\u00bb||45px||false|false\u00a0\u00bb global_colors_info=\u00a0\u00bb{}\u00a0\u00bb][et_pb_fullwidth_post_title meta=\u00a0\u00bboff\u00a0\u00bb featured_image=\u00a0\u00bboff\u00a0\u00bb _builder_version=\u00a0\u00bb4.16&Prime; title_text_align=\u00a0\u00bbcenter\u00a0\u00bb title_font_size=\u00a0\u00bb36px\u00a0\u00bb global_colors_info=\u00a0\u00bb{}\u00a0\u00bb][\/et_pb_fullwidth_post_title][\/et_pb_section][et_pb_section fb_built=\u00a0\u00bb1&Prime; _builder_version=\u00a0\u00bb4.16&Prime; collapsed=\u00a0\u00bboff\u00a0\u00bb global_colors_info=\u00a0\u00bb{}\u00a0\u00bb][et_pb_row _builder_version=\u00a0\u00bb4.16&Prime; collapsed=\u00a0\u00bboff\u00a0\u00bb global_colors_info=\u00a0\u00bb{}\u00a0\u00bb][et_pb_column type=\u00a0\u00bb4_4&Prime; _builder_version=\u00a0\u00bb4.16&Prime; global_colors_info=\u00a0\u00bb{}\u00a0\u00bb][et_pb_image src=\u00a0\u00bbhttps:\/\/www.zenetqi.fr\/wp-content\/uploads\/2025\/09\/ventre1-300&#215;296.jpg\u00a0\u00bb alt=\u00a0\u00bbyoga enceinte\u00a0\u00bb title_text=\u00a0\u00bbventre1&Prime; align=\u00a0\u00bbcenter\u00a0\u00bb _builder_version=\u00a0\u00bb4.24.2&Prime; global_colors_info=\u00a0\u00bb{}\u00a0\u00bb][\/et_pb_image][et_pb_text _builder_version=\u00a0\u00bb4.16&Prime; text_orientation=\u00a0\u00bbcenter\u00a0\u00bb link_option_url=\u00a0\u00bbhttps:\/\/www.zenetqi.fr\/index.php\/2020\/01\/26\/musiques-natales\/\u00a0\u00bb global_colors_info=\u00a0\u00bb{}\u00a0\u00bb]                               Musiques conseill\u00e9es[\/et_pb_text][et_pb_text _builder_version=\u00a0\u00bb4.24.2&Prime; text_orientation=\u00a0\u00bbjustified\u00a0\u00bb global_colors_info=\u00a0\u00bb{}\u00a0\u00bb]<\/p>\n<p>Horaires personnalis\u00e9s par petits groupes ou en cours individuels.<\/p>\n<p>Accueillir un b\u00e9b\u00e9 dans son corps, c&rsquo;est aussi accueillir une \u00e9nergie de vie. Quasi imperceptible dans les premiers mois, elle devient de plus en plus pr\u00e9sente tout au long de la grossesse. Les postures et les respirations, directement issues des traditions yogiques, permettent de maintenir un \u00e9quilibre physique et mental au quotidien.<br \/>Apprendre \u00e0 ressentir et \u00e0 accompagner ces bouleversements \u00e9nerg\u00e9tiques permet d&rsquo;entretenir une confiance en soi qui va assurer au b\u00e9b\u00e9 un confort et un d\u00e9veloppement optimal.<\/p>\n<p>Les cours sont adapt\u00e9s \u00e0 chacune, et suivent scrupuleusement chaque \u00e9tape de la gestation. Le travail insiste particuli\u00e8rement sur toute la zone du bassin et du sacrum, le nerf sciatique, la respiration et la circulation sanguine.<\/p>\n<p>Des coussins, couvertures et tapis sont mis \u00e0 disposition pour soulager le corps physique et permettre une d\u00e9tente profonde.<\/p>\n<p>Deux approches vous sont propos\u00e9es :<\/p>\n<p>&#8211; Hatha yoga : la s\u00e9ance comporte des temps de relaxati<img loading=\"lazy\" decoding=\"async\" src=\"https:\/\/www.zenetqi.fr\/wp-content\/uploads\/2025\/09\/ventre2-150x150.jpg\" width=\"150\" height=\"150\" alt=\"\" class=\"wp-image-2920 alignright size-thumbnail\" \/>on, d&rsquo;observation, des postures appropri\u00e9es au moment de votre grossesse, pour vous accompagner tout en douceur et vous apporter une d\u00e9tente physique et mentale.<br \/>Dans cette d\u00e9marche nous chercherons toujours \u00e0 englober le mouvement dans le souffle que ce soit dans le guidage des postures ou de la respiration.<\/p>\n<p>&#8211; Yoga tib\u00e9tain : le cours d\u00e9bute par des exercices de relaxation, suivit d&rsquo;un \u00e9chauffement respiratoire doux pour apprendre<\/p>\n<p>&nbsp;<\/p>\n<p>\u00a0\u00e0 mobiliser ses \u00e9nergies, puis de quelques postures simples qui permettent de faire circuler l&rsquo;\u00e9nergie de fa\u00e7on appropri\u00e9e.<\/p>\n<p>Tarifs :<br \/>&#8211; Cours (1h) individuels ou en bin\u00f4me : 33 \u20ac<br \/>Adh\u00e9sion (obligatoire pour valider l&rsquo;inscription) : 20 \u20ac<\/p>\n<p>Il est possible de s&rsquo;inscrire tout au long de l&rsquo;ann\u00e9e.<\/p>\n<p>&nbsp;<\/p>\n<p>[\/et_pb_text][et_pb_image src=\u00a0\u00bbhttps:\/\/www.zenetqi.fr\/wp-content\/uploads\/2025\/09\/ventre3-150&#215;150.jpg\u00a0\u00bb title_text=\u00a0\u00bbventre3&Prime; _builder_version=\u00a0\u00bb4.24.2&Prime; _module_preset=\u00a0\u00bbdefault\u00a0\u00bb global_colors_info=\u00a0\u00bb{}\u00a0\u00bb][\/et_pb_image][et_pb_button button_url=\u00a0\u00bbhttps:\/\/www.zenetqi.fr\/index.php\/contact\/\u00a0\u00bb button_text=\u00a0\u00bbNous contacter pour plus d&rsquo;infos\u00a0\u00bb button_alignment=\u00a0\u00bbcenter\u00a0\u00bb _builder_version=\u00a0\u00bb4.16&Prime; global_colors_info=\u00a0\u00bb{}\u00a0\u00bb][\/et_pb_button][\/et_pb_column][\/et_pb_row][et_pb_row column_structure=\u00a0\u00bb3_4,1_4&Prime; _builder_version=\u00a0\u00bb4.24.2&Prime; _module_preset=\u00a0\u00bbdefault\u00a0\u00bb global_colors_info=\u00a0\u00bb{}\u00a0\u00bb][et_pb_column type=\u00a0\u00bb3_4&Prime; _builder_version=\u00a0\u00bb4.24.2&Prime; _module_preset=\u00a0\u00bbdefault\u00a0\u00bb global_colors_info=\u00a0\u00bb{}\u00a0\u00bb][\/et_pb_column][et_pb_column type=\u00a0\u00bb1_4&Prime; _builder_version=\u00a0\u00bb4.24.2&Prime; _module_preset=\u00a0\u00bbdefault\u00a0\u00bb global_colors_info=\u00a0\u00bb{}\u00a0\u00bb][\/et_pb_column][\/et_pb_row][\/et_pb_section]<\/p>\n","protected":false},"excerpt":{"rendered":"<p>Musiques conseill\u00e9esHoraires personnalis\u00e9s par petits groupes ou en cours individuels. Accueillir un b\u00e9b\u00e9 dans son corps, c&rsquo;est aussi accueillir une \u00e9nergie de vie. Quasi imperceptible dans les premiers mois, elle devient de plus en plus pr\u00e9sente tout au long de la grossesse. Les postures et les respirations, directement issues des traditions yogiques, permettent de maintenir [&hellip;]<\/p>\n","protected":false},"author":1,"featured_media":0,"parent":0,"menu_order":0,"comment_status":"closed","ping_status":"closed","template":"","meta":{"_et_pb_use_builder":"on","_et_pb_old_content":"","_et_gb_content_width":"","footnotes":""},"class_list":["post-1315","page","type-page","status-publish","hentry"],"_links":{"self":[{"href":"https:\/\/www.zenetqi.fr\/index.php\/wp-json\/wp\/v2\/pages\/1315","targetHints":{"allow":["GET"]}}],"collection":[{"href":"https:\/\/www.zenetqi.fr\/index.php\/wp-json\/wp\/v2\/pages"}],"about":[{"href":"https:\/\/www.zenetqi.fr\/index.php\/wp-json\/wp\/v2\/types\/page"}],"author":[{"embeddable":true,"href":"https:\/\/www.zenetqi.fr\/index.php\/wp-json\/wp\/v2\/users\/1"}],"replies":[{"embeddable":true,"href":"https:\/\/www.zenetqi.fr\/index.php\/wp-json\/wp\/v2\/comments?post=1315"}],"version-history":[{"count":15,"href":"https:\/\/www.zenetqi.fr\/index.php\/wp-json\/wp\/v2\/pages\/1315\/revisions"}],"predecessor-version":[{"id":2935,"href":"https:\/\/www.zenetqi.fr\/index.php\/wp-json\/wp\/v2\/pages\/1315\/revisions\/2935"}],"wp:attachment":[{"href":"https:\/\/www.zenetqi.fr\/index.php\/wp-json\/wp\/v2\/media?parent=1315"}],"curies":[{"name":"wp","href":"https:\/\/api.w.org\/{rel}","templated":true}]}}