{"id":1294,"date":"2019-09-11T21:13:52","date_gmt":"2019-09-11T19:13:52","guid":{"rendered":"https:\/\/www.zenetqi.fr\/?page_id=1294"},"modified":"2026-03-11T16:54:05","modified_gmt":"2026-03-11T15:54:05","slug":"therapie-energetique","status":"publish","type":"page","link":"https:\/\/www.zenetqi.fr\/index.php\/therapie-energetique\/","title":{"rendered":"Th\u00e9rapie \u00e9nerg\u00e9tique"},"content":{"rendered":"<p>[et_pb_section fb_built=\u00a0\u00bb1&Prime; fullwidth=\u00a0\u00bbon\u00a0\u00bb _builder_version=\u00a0\u00bb4.16&Prime; background_color=\u00a0\u00bb#f2f2f2&Prime; custom_padding=\u00a0\u00bb||100px||false|false\u00a0\u00bb global_colors_info=\u00a0\u00bb{}\u00a0\u00bb][et_pb_fullwidth_post_title meta=\u00a0\u00bboff\u00a0\u00bb featured_image=\u00a0\u00bboff\u00a0\u00bb _builder_version=\u00a0\u00bb4.16&Prime; title_text_align=\u00a0\u00bbcenter\u00a0\u00bb title_font_size=\u00a0\u00bb36px\u00a0\u00bb global_colors_info=\u00a0\u00bb{}\u00a0\u00bb][\/et_pb_fullwidth_post_title][\/et_pb_section][et_pb_section fb_built=\u00a0\u00bb1&Prime; _builder_version=\u00a0\u00bb4.16&Prime; global_colors_info=\u00a0\u00bb{}\u00a0\u00bb][et_pb_row _builder_version=\u00a0\u00bb4.16&Prime; background_size=\u00a0\u00bbinitial\u00a0\u00bb background_position=\u00a0\u00bbtop_left\u00a0\u00bb background_repeat=\u00a0\u00bbrepeat\u00a0\u00bb global_colors_info=\u00a0\u00bb{}\u00a0\u00bb][et_pb_column type=\u00a0\u00bb4_4&Prime; _builder_version=\u00a0\u00bb4.16&Prime; custom_padding=\u00a0\u00bb|||\u00a0\u00bb global_colors_info=\u00a0\u00bb{}\u00a0\u00bb custom_padding__hover=\u00a0\u00bb|||\u00a0\u00bb][et_pb_text _builder_version=\u00a0\u00bb4.16&Prime; background_size=\u00a0\u00bbinitial\u00a0\u00bb background_position=\u00a0\u00bbtop_left\u00a0\u00bb background_repeat=\u00a0\u00bbrepeat\u00a0\u00bb text_orientation=\u00a0\u00bbjustified\u00a0\u00bb global_colors_info=\u00a0\u00bb{}\u00a0\u00bb]<\/p>\n<p>Il s&rsquo;agit d&rsquo;un coup de pouce psychologique et \u00e9nerg\u00e9tique destin\u00e9 \u00e0 celles et \u00e0 ceux qui ont besoin de se rassembler, de renouer \u00e0 une v\u00e9rit\u00e9 int\u00e9rieure qui leur \u00e9chappe.<\/p>\n<p>Chaque personne est unique, et se pr\u00e9sente avec ses forces et ses fragilit\u00e9s, ses peurs et son ras-le-bol, ses d\u00e9sirs et ses r\u00eaves&#8230; Il est tr\u00e8s inconfortable de se retrouver dans une situation o\u00f9 on a l&rsquo;impression d&rsquo;\u00eatre bloqu\u00e9, que rien ne bouge, ou qu&rsquo;il n&rsquo;y a pas d&rsquo;avenir possible.<\/p>\n<p>Toutes les traditions \u00e9nerg\u00e9tiques se rejoignent sur un principe d&rsquo;informations inscrites dans nos corps physiques, corps \u00e9nerg\u00e9tiques ou nos corps de lumi\u00e8re.<\/p>\n<ul>\n<li>La dimension physique : la m\u00e9moire du corps et la m\u00e9moire cellulaire.<\/li>\n<li>Dimension \u00e9nerg\u00e9tique : les enveloppes attach\u00e9es aux chakras.<\/li>\n<li>Dimension lumi\u00e8re : le syst\u00e8me g\u00e9om\u00e9trique des corps de lumi\u00e8re et sa relation \u00e0 l&rsquo;Univers.<\/li>\n<\/ul>\n<p>[\/et_pb_text][et_pb_image src=\u00a0\u00bbhttps:\/\/www.zenetqi.fr\/wp-content\/uploads\/2019\/09\/lampesG-1.jpg\u00a0\u00bb alt=\u00a0\u00bbcours yoga le cellier\u00a0\u00bb title_text=\u00a0\u00bbcours yoga le cellier\u00a0\u00bb show_in_lightbox=\u00a0\u00bbon\u00a0\u00bb align=\u00a0\u00bbcenter\u00a0\u00bb _builder_version=\u00a0\u00bb4.16&Prime; global_colors_info=\u00a0\u00bb{}\u00a0\u00bb][\/et_pb_image][et_pb_text _builder_version=\u00a0\u00bb4.16&Prime; background_size=\u00a0\u00bbinitial\u00a0\u00bb background_position=\u00a0\u00bbtop_left\u00a0\u00bb background_repeat=\u00a0\u00bbrepeat\u00a0\u00bb text_orientation=\u00a0\u00bbjustified\u00a0\u00bb global_colors_info=\u00a0\u00bb{}\u00a0\u00bb]<\/p>\n<ul>\n<li>pr\u00e9sentation sommaire ou \u00e9valuation des progr\u00e8s<\/li>\n<li>soin \u00e9nerg\u00e9tique<\/li>\n<li>int\u00e9gration \u00e9motionnelle et corporelle<\/li>\n<\/ul>\n<p>Diff\u00e9rents outils seront utilis\u00e9s en fonction des objectifs qui auront \u00e9t\u00e9 d\u00e9finis.<\/p>\n<ul>\n<li>Reiki Shambhala,<\/li>\n<li>OEM Christian Roche<\/li>\n<li>utilisation des cristaux pour d\u00e9bloquer les n\u0153uds \u00e9nerg\u00e9tiques,<\/li>\n<li>de l&rsquo;auto-hypnose pour d\u00e9passer les barri\u00e8res mentales,<\/li>\n<li>de la sophrologie pour apprivoiser les peurs,<\/li>\n<li>des techniques \u00e9nerg\u00e9tiques avanc\u00e9es pour travailler sur la totalit\u00e9 des corps.<\/li>\n<\/ul>\n<h2>Tarifs et horaires :<\/h2>\n<p>S\u00e9ance de 60 minutes : 70 \u20ac la premi\u00e8re (comprends l&rsquo;adh\u00e9sion annuelle de 20\u20ac), puis 50 \u20ac les suivantes.<br \/>Lieux : au centre Zen et Qi 22, le Cerny 44850 le Cellier.<\/p>\n<p>[\/et_pb_text][et_pb_button button_url=\u00a0\u00bbhttps:\/\/www.zenetqi.fr\/index.php\/contact\/\u00a0\u00bb button_text=\u00a0\u00bbNous contacter pour un rendez-vous.\u00a0\u00bb button_alignment=\u00a0\u00bbcenter\u00a0\u00bb _builder_version=\u00a0\u00bb4.16&Prime; global_colors_info=\u00a0\u00bb{}\u00a0\u00bb][\/et_pb_button][\/et_pb_column][\/et_pb_row][\/et_pb_section]<\/p>\n","protected":false},"excerpt":{"rendered":"<p>Il s&rsquo;agit d&rsquo;un coup de pouce psychologique et \u00e9nerg\u00e9tique destin\u00e9 \u00e0 celles et \u00e0 ceux qui ont besoin de se rassembler, de renouer \u00e0 une v\u00e9rit\u00e9 int\u00e9rieure qui leur \u00e9chappe. Chaque personne est unique, et se pr\u00e9sente avec ses forces et ses fragilit\u00e9s, ses peurs et son ras-le-bol, ses d\u00e9sirs et ses r\u00eaves&#8230; Il est [&hellip;]<\/p>\n","protected":false},"author":1,"featured_media":0,"parent":0,"menu_order":0,"comment_status":"closed","ping_status":"closed","template":"","meta":{"_et_pb_use_builder":"on","_et_pb_old_content":"<p>Il s'agit d'un coup de pouce psychologique et \u00e9nerg\u00e9tique destin\u00e9 \u00e0 celles et \u00e0 ceux qui ont besoin de se<br \/> rassembler, de renouer \u00e0 une v\u00e9rit\u00e9 int\u00e9rieure qui leur \u00e9chappe.<\/p><p>Chaque personne est unique, et se pr\u00e9sente avec ses forces et ses fragilit\u00e9s, ses peurs<br \/> et son ras-le-bol, ses d\u00e9sirs et ses r\u00eaves...<br \/> Il est tr\u00e8s inconfortable de se retrouver dans une situation o\u00f9 on a l'impression d'\u00eatre<br \/> bloqu\u00e9, que rien ne bouge, ou qu'il n'y a pas d'avenir possible.<\/p><p>Toutes les traditions \u00e9nerg\u00e9tiques se rejoignent sur un principe d'informations inscrites dans nos corps physiques,<br \/> corps \u00e9nerg\u00e9tiques ou nos corps de lumi\u00e8re.<\/p><ul><li>La dimension physique : la m\u00e9moire du corps et la m\u00e9moire cellulaire.<\/li><li>Dimension \u00e9nerg\u00e9tique : les enveloppes attach\u00e9es aux chakras.<\/li><li>Dimension lumi\u00e8re : le syst\u00e8me g\u00e9om\u00e9trique des corps de lumi\u00e8re et sa relation \u00e0 l'Univers.<\/li><\/ul><p><img src=\"images\/ZQ18\/maitres.jpg\" alt=\"\" width=\"540\" height=\"180\" \/><br \/> La s\u00e9ance d'une heure se d\u00e9roule en trois parties :<\/p><ul><li>pr\u00e9sentation sommaire ou \u00e9valuation des progr\u00e8s<\/li><li>soin \u00e9nerg\u00e9tique<\/li><li>int\u00e9gration \u00e9motionnelle et corporelle<\/li><\/ul><p>Diff\u00e9rents outils seront utilis\u00e9s en fonction des objectifs qui auront \u00e9t\u00e9 d\u00e9finis.<\/p><ul><li>Reiki Shambhala,<\/li><li>utilisation des cristaux pour d\u00e9bloquer les noeuds \u00e9nerg\u00e9tiques,<\/li><li>de l'auto-hypnose pour d\u00e9passer les barri\u00e8res mentales,<\/li><li>de la sophrologie pour apprivoiser les peurs,<\/li><li>des techniques \u00e9nerg\u00e9tiques avanc\u00e9es pour travailler sur la totalit\u00e9 des corps.<\/li><\/ul><h2>Tarifs et horaires :<\/h2><p>s\u00e9ance de 60 minutes : 70 \u20ac la premi\u00e8re (comprends l'adh\u00e9sion annuelle), puis 50 \u20ac les suivantes.<\/p><p>Lieux :eu centre Zen et Qi 22, le Cerny 44850 le Cellier.<br \/> sur rendez-vous uniquement.<br \/> Adh\u00e9sion annuelle : 20\u20ac.<\/p>","_et_gb_content_width":"","footnotes":""},"class_list":["post-1294","page","type-page","status-publish","hentry"],"_links":{"self":[{"href":"https:\/\/www.zenetqi.fr\/index.php\/wp-json\/wp\/v2\/pages\/1294","targetHints":{"allow":["GET"]}}],"collection":[{"href":"https:\/\/www.zenetqi.fr\/index.php\/wp-json\/wp\/v2\/pages"}],"about":[{"href":"https:\/\/www.zenetqi.fr\/index.php\/wp-json\/wp\/v2\/types\/page"}],"author":[{"embeddable":true,"href":"https:\/\/www.zenetqi.fr\/index.php\/wp-json\/wp\/v2\/users\/1"}],"replies":[{"embeddable":true,"href":"https:\/\/www.zenetqi.fr\/index.php\/wp-json\/wp\/v2\/comments?post=1294"}],"version-history":[{"count":11,"href":"https:\/\/www.zenetqi.fr\/index.php\/wp-json\/wp\/v2\/pages\/1294\/revisions"}],"predecessor-version":[{"id":2959,"href":"https:\/\/www.zenetqi.fr\/index.php\/wp-json\/wp\/v2\/pages\/1294\/revisions\/2959"}],"wp:attachment":[{"href":"https:\/\/www.zenetqi.fr\/index.php\/wp-json\/wp\/v2\/media?parent=1294"}],"curies":[{"name":"wp","href":"https:\/\/api.w.org\/{rel}","templated":true}]}}