{"id":1269,"date":"2019-09-11T20:32:38","date_gmt":"2019-09-11T18:32:38","guid":{"rendered":"https:\/\/www.zenetqi.fr\/?page_id=1269"},"modified":"2019-09-16T15:42:30","modified_gmt":"2019-09-16T13:42:30","slug":"patricia-ducamp","status":"publish","type":"page","link":"https:\/\/www.zenetqi.fr\/index.php\/patricia-ducamp\/","title":{"rendered":"Patricia Ducamp"},"content":{"rendered":"<p>[et_pb_section fb_built=\u00a0\u00bb1&Prime; fullwidth=\u00a0\u00bbon\u00a0\u00bb _builder_version=\u00a0\u00bb3.27.4&Prime; background_color=\u00a0\u00bb#f2f2f2&Prime; custom_padding=\u00a0\u00bb||100px||false|false\u00a0\u00bb fb_built=\u00a0\u00bb1&Prime; _i=\u00a0\u00bb0&Prime; _address=\u00a0\u00bb0&Prime;][et_pb_fullwidth_post_title meta=\u00a0\u00bboff\u00a0\u00bb featured_image=\u00a0\u00bboff\u00a0\u00bb _builder_version=\u00a0\u00bb3.27.4&Prime; title_text_align=\u00a0\u00bbcenter\u00a0\u00bb title_font_size=\u00a0\u00bb36px\u00a0\u00bb _i=\u00a0\u00bb0&Prime; _address=\u00a0\u00bb0.0&Prime;][\/et_pb_fullwidth_post_title][\/et_pb_section][et_pb_section fb_built=\u00a0\u00bb1&Prime; _builder_version=\u00a0\u00bb3.28&Prime; fb_built=\u00a0\u00bb1&Prime; _i=\u00a0\u00bb1&Prime; _address=\u00a0\u00bb1&Prime;][et_pb_row _builder_version=\u00a0\u00bb3.27.4&Prime; _i=\u00a0\u00bb0&Prime; _address=\u00a0\u00bb1.0&Prime;][et_pb_column type=\u00a0\u00bb4_4&Prime; _builder_version=\u00a0\u00bb3.27.4&Prime; _i=\u00a0\u00bb0&Prime; _address=\u00a0\u00bb1.0.0&Prime;][et_pb_image src=\u00a0\u00bbhttps:\/\/www.zenetqi.fr\/wp-content\/uploads\/2019\/09\/patricia.jpg\u00a0\u00bb url=\u00a0\u00bbhttp:\/\/www.patriciaducamp.fr\/\u00a0\u00bb _builder_version=\u00a0\u00bb3.28&Prime; hover_enabled=\u00a0\u00bb0&Prime; _i=\u00a0\u00bb0&Prime; _address=\u00a0\u00bb1.0.0.0&Prime; admin_label=\u00a0\u00bbImage\u00a0\u00bb align=\u00a0\u00bbcenter\u00a0\u00bb][\/et_pb_image][et_pb_text _builder_version=\u00a0\u00bb3.28&Prime; text_orientation=\u00a0\u00bbjustified\u00a0\u00bb hover_enabled=\u00a0\u00bb0&Prime; _i=\u00a0\u00bb1&Prime; _address=\u00a0\u00bb1.0.0.1&Prime;]<\/p>\n<p>J\u2019ai rencontr\u00e9 le yoga \u00e0 l\u2019adolescence et je l\u2019ai pratiqu\u00e9 aupr\u00e8s de diff\u00e9rents enseignants venant d\u2019approches diff\u00e9rentes. Je me suis form\u00e9e aupr\u00e8s de Sophie Dreux Le Cren de l\u2019\u00e9cole des Pays de la Loire et suis reconnue par l\u2019IFY (Institut Fran\u00e7ais de Yoga). Je me suis int\u00e9ress\u00e9e \u00e0 d\u2019autres m\u00e9thodes tenant compte de la globalit\u00e9 de l\u2019individu avec l\u2019hom\u00e9opathie uniciste ou l\u2019aromath\u00e9rapie. Je ne cesse par ailleurs de suivre des stages en yoga des yeux, yoga nidra, auto massage et je suis \u00e9galement praticien en r\u00e9flexologie plantaire.<\/p>\n<p>&nbsp;<\/p>\n<p><img loading=\"lazy\" decoding=\"async\" class=\"wp-image-1434  aligncenter\" src=\"https:\/\/www.zenetqi.fr\/wp-content\/uploads\/2019\/09\/patricia1-297x300.jpg\" alt=\"\" width=\"450\" height=\"454\" srcset=\"https:\/\/www.zenetqi.fr\/wp-content\/uploads\/2019\/09\/patricia1-297x300.jpg 297w, https:\/\/www.zenetqi.fr\/wp-content\/uploads\/2019\/09\/patricia1-150x150.jpg 150w, https:\/\/www.zenetqi.fr\/wp-content\/uploads\/2019\/09\/patricia1.jpg 425w\" sizes=\"(max-width: 450px) 100vw, 450px\" \/><\/p>\n<p>[\/et_pb_text][\/et_pb_column][\/et_pb_row][\/et_pb_section]<\/p>\n","protected":false},"excerpt":{"rendered":"<p>J\u2019ai rencontr\u00e9 le yoga \u00e0 l\u2019adolescence et je l\u2019ai pratiqu\u00e9 aupr\u00e8s de diff\u00e9rents enseignants venant d\u2019approches diff\u00e9rentes. Je me suis form\u00e9e aupr\u00e8s de Sophie Dreux Le Cren de l\u2019\u00e9cole des Pays de la Loire et suis reconnue par l\u2019IFY (Institut Fran\u00e7ais de Yoga). Je me suis int\u00e9ress\u00e9e \u00e0 d\u2019autres m\u00e9thodes tenant compte de la globalit\u00e9 [&hellip;]<\/p>\n","protected":false},"author":1,"featured_media":0,"parent":0,"menu_order":0,"comment_status":"closed","ping_status":"closed","template":"","meta":{"_et_pb_use_builder":"on","_et_pb_old_content":"","_et_gb_content_width":"","footnotes":""},"class_list":["post-1269","page","type-page","status-publish","hentry"],"_links":{"self":[{"href":"https:\/\/www.zenetqi.fr\/index.php\/wp-json\/wp\/v2\/pages\/1269","targetHints":{"allow":["GET"]}}],"collection":[{"href":"https:\/\/www.zenetqi.fr\/index.php\/wp-json\/wp\/v2\/pages"}],"about":[{"href":"https:\/\/www.zenetqi.fr\/index.php\/wp-json\/wp\/v2\/types\/page"}],"author":[{"embeddable":true,"href":"https:\/\/www.zenetqi.fr\/index.php\/wp-json\/wp\/v2\/users\/1"}],"replies":[{"embeddable":true,"href":"https:\/\/www.zenetqi.fr\/index.php\/wp-json\/wp\/v2\/comments?post=1269"}],"version-history":[{"count":6,"href":"https:\/\/www.zenetqi.fr\/index.php\/wp-json\/wp\/v2\/pages\/1269\/revisions"}],"predecessor-version":[{"id":1442,"href":"https:\/\/www.zenetqi.fr\/index.php\/wp-json\/wp\/v2\/pages\/1269\/revisions\/1442"}],"wp:attachment":[{"href":"https:\/\/www.zenetqi.fr\/index.php\/wp-json\/wp\/v2\/media?parent=1269"}],"curies":[{"name":"wp","href":"https:\/\/api.w.org\/{rel}","templated":true}]}}