{"id":1164,"date":"2019-09-11T18:02:52","date_gmt":"2019-09-11T16:02:52","guid":{"rendered":"https:\/\/www.zenetqi.fr\/?page_id=1164"},"modified":"2025-09-07T16:03:20","modified_gmt":"2025-09-07T14:03:20","slug":"cours-de-piano","status":"publish","type":"page","link":"https:\/\/www.zenetqi.fr\/index.php\/cours-de-piano\/","title":{"rendered":"Cours de piano"},"content":{"rendered":"<p>[et_pb_section fb_built=\u00a0\u00bb1&Prime; fullwidth=\u00a0\u00bbon\u00a0\u00bb _builder_version=\u00a0\u00bb4.16&Prime; background_color=\u00a0\u00bb#f2f2f2&Prime; custom_padding=\u00a0\u00bb||||false|false\u00a0\u00bb global_colors_info=\u00a0\u00bb{}\u00a0\u00bb][et_pb_fullwidth_post_title meta=\u00a0\u00bboff\u00a0\u00bb featured_image=\u00a0\u00bboff\u00a0\u00bb text_color=\u00a0\u00bblight\u00a0\u00bb _builder_version=\u00a0\u00bb4.16&Prime; title_text_align=\u00a0\u00bbcenter\u00a0\u00bb title_font_size=\u00a0\u00bb36px\u00a0\u00bb background_image=\u00a0\u00bbhttps:\/\/www.zenetqi.fr\/wp-content\/uploads\/2019\/09\/image-bandeau-cours-piano.jpg\u00a0\u00bb custom_padding=\u00a0\u00bb||100px||false|false\u00a0\u00bb title_text_shadow_style=\u00a0\u00bbpreset3&Prime; title_text_shadow_color=\u00a0\u00bb#000000&Prime; global_colors_info=\u00a0\u00bb{}\u00a0\u00bb][\/et_pb_fullwidth_post_title][\/et_pb_section][et_pb_section fb_built=\u00a0\u00bb1&Prime; _builder_version=\u00a0\u00bb4.16&Prime; global_colors_info=\u00a0\u00bb{}\u00a0\u00bb][et_pb_row _builder_version=\u00a0\u00bb4.16&Prime; global_colors_info=\u00a0\u00bb{}\u00a0\u00bb][et_pb_column type=\u00a0\u00bb4_4&Prime; _builder_version=\u00a0\u00bb4.16&Prime; global_colors_info=\u00a0\u00bb{}\u00a0\u00bb][et_pb_image src=\u00a0\u00bbhttps:\/\/www.zenetqi.fr\/wp-content\/uploads\/2019\/09\/mains.jpg\u00a0\u00bb align=\u00a0\u00bbcenter\u00a0\u00bb _builder_version=\u00a0\u00bb4.16&Prime; global_colors_info=\u00a0\u00bb{}\u00a0\u00bb][\/et_pb_image][et_pb_text _builder_version=\u00a0\u00bb4.16&Prime; header_text_align=\u00a0\u00bbjustify\u00a0\u00bb text_orientation=\u00a0\u00bbjustified\u00a0\u00bb global_colors_info=\u00a0\u00bb{}\u00a0\u00bb custom_padding=\u00a0\u00bb||1px|||\u00a0\u00bb]<\/p>\n<h2>Les cours sont destin\u00e9s \u00e0 tous<\/h2>\n<p>des enfants ou adultes apprennent dans la joie et la bonne humeur, jusqu&rsquo;aux plus hauts niveaux, dont la pr\u00e9paration des concours classiques ou jazz, et l&rsquo;entr\u00e9e au conservatoire.<\/p>\n<h2>Trois cursus sont propos\u00e9s<\/h2>\n<ul>\n<li>Musique classique<\/li>\n<li>Jazz improvis\u00e9<\/li>\n<li>Formation au m\u00e9tier de professeur<\/li>\n<\/ul>\n<p>Le d\u00e9butant commence avec un recueil p\u00e9dagogique adapt\u00e9, durant les deux premi\u00e8res ann\u00e9es en moyenne, puis le professeur lui donne le choix entre plusieurs pi\u00e8ces pour chaque nouveaux morceau.\u00a0Les cours d&rsquo;improvisation sont bas\u00e9s en premier lieu sur l&rsquo;apprentissage de l&rsquo;harmonie.<\/p>\n<p>Le solf\u00e8ge n&rsquo;est pas obligatoire, mais il est utile. Il est tr\u00e8s difficile d&rsquo;interpr\u00e9ter une \u0153uvre sans la lire, mais il n&rsquo;est pas n\u00e9cessaire de savoir lire pour apprendre \u00e0 cr\u00e9er.<\/p>\n<p>Le cursus \u00ab\u00a0apprentissage de la p\u00e9dagogie et formation au m\u00e9tier de professeur\u00a0\u00bb est r\u00e9serv\u00e9 aux pianistes ayant d\u00e9j\u00e0 une solide exp\u00e9rience de l&rsquo;instrument.<\/p>\n<p><strong>Cours dans un studio insonoris\u00e9, sur piano de concert Yamaha MP300.<\/strong><\/p>\n<p>[\/et_pb_text][et_pb_image src=\u00a0\u00bbhttps:\/\/www.zenetqi.fr\/wp-content\/uploads\/2019\/09\/piano.jpg\u00a0\u00bb alt=\u00a0\u00bbCours sur piano de concert Yamaha MP300&Prime; title_text=\u00a0\u00bbCours sur piano de concert Yamaha MP300&Prime; show_in_lightbox=\u00a0\u00bbon\u00a0\u00bb align=\u00a0\u00bbcenter\u00a0\u00bb _builder_version=\u00a0\u00bb4.16&Prime; global_colors_info=\u00a0\u00bb{}\u00a0\u00bb][\/et_pb_image][et_pb_text _builder_version=\u00a0\u00bb4.16&Prime; header_text_align=\u00a0\u00bbjustify\u00a0\u00bb text_orientation=\u00a0\u00bbjustified\u00a0\u00bb global_colors_info=\u00a0\u00bb{}\u00a0\u00bb]<\/p>\n<h2>Tarifs :<\/h2>\n<p><strong>pour 32 cours hebdomadaires annuels <\/strong><\/p>\n<ul wfd-id=\"858\">\n<li wfd-id=\"860\">Cours enfants : 702 \u20ac \u00a030 minutes<\/li>\n<li wfd-id=\"859\">Cours adultes : 846 \u20ac \u00a045 minutes<\/li>\n<\/ul>\n<p>Cursus formation p\u00e9dagogique : 45 \u20ac le cours d&rsquo;une heure, le premier cours comprend l&rsquo;adh\u00e9sion.<br \/>Adh\u00e9sion (obligatoire pour valider l&rsquo;inscription) : 20 \u20ac<\/p>\n<p>Les cours d\u00e9butent \u00e0 partir du 15 septembre 2025.<br \/>Il n&rsquo;y a pas de cours pendant les vacances scolaires.<br \/>Il est possible de s&rsquo;inscrire tout au long de l&rsquo;ann\u00e9e.<\/p>\n<p>Professeur : Emmanuel Desjeux<\/p>\n<p>[\/et_pb_text][et_pb_image src=\u00a0\u00bbhttps:\/\/www.zenetqi.fr\/wp-content\/uploads\/2019\/09\/studio2.jpg\u00a0\u00bb align=\u00a0\u00bbcenter\u00a0\u00bb _builder_version=\u00a0\u00bb4.16&Prime; global_colors_info=\u00a0\u00bb{}\u00a0\u00bb][\/et_pb_image][et_pb_text _builder_version=\u00a0\u00bb4.16&Prime; header_text_align=\u00a0\u00bbjustify\u00a0\u00bb text_orientation=\u00a0\u00bbjustified\u00a0\u00bb global_colors_info=\u00a0\u00bb{}\u00a0\u00bb]<\/p>\n<h2>Modalit\u00e9 d&rsquo;inscription :<\/h2>\n<p>Remplir quatre ch\u00e8ques, un de 20 \u20ac pour l&rsquo;adh\u00e9sion,<\/p>\n<p>trois de 234 (enfants) ou 282 (adultes).<\/p>\n<p>Ils seront encaiss\u00e9s respectivement d\u00e9but octobre, d\u00e9but janvier, et d\u00e9but juin.<\/p>\n<p>N&rsquo;h\u00e9sitez pas \u00e0 nous contacter en cas de difficult\u00e9s financi\u00e8res.<\/p>\n<p>&nbsp;<\/p>\n<p>[\/et_pb_text][\/et_pb_column][\/et_pb_row][\/et_pb_section]<\/p>\n","protected":false},"excerpt":{"rendered":"<p>Les cours sont destin\u00e9s \u00e0 tous des enfants ou adultes apprennent dans la joie et la bonne humeur, jusqu&rsquo;aux plus hauts niveaux, dont la pr\u00e9paration des concours classiques ou jazz, et l&rsquo;entr\u00e9e au conservatoire. Trois cursus sont propos\u00e9s Musique classique Jazz improvis\u00e9 Formation au m\u00e9tier de professeur Le d\u00e9butant commence avec un recueil p\u00e9dagogique adapt\u00e9, [&hellip;]<\/p>\n","protected":false},"author":1,"featured_media":0,"parent":0,"menu_order":0,"comment_status":"closed","ping_status":"closed","template":"","meta":{"_et_pb_use_builder":"on","_et_pb_old_content":"","_et_gb_content_width":"","footnotes":""},"class_list":["post-1164","page","type-page","status-publish","hentry"],"_links":{"self":[{"href":"https:\/\/www.zenetqi.fr\/index.php\/wp-json\/wp\/v2\/pages\/1164","targetHints":{"allow":["GET"]}}],"collection":[{"href":"https:\/\/www.zenetqi.fr\/index.php\/wp-json\/wp\/v2\/pages"}],"about":[{"href":"https:\/\/www.zenetqi.fr\/index.php\/wp-json\/wp\/v2\/types\/page"}],"author":[{"embeddable":true,"href":"https:\/\/www.zenetqi.fr\/index.php\/wp-json\/wp\/v2\/users\/1"}],"replies":[{"embeddable":true,"href":"https:\/\/www.zenetqi.fr\/index.php\/wp-json\/wp\/v2\/comments?post=1164"}],"version-history":[{"count":26,"href":"https:\/\/www.zenetqi.fr\/index.php\/wp-json\/wp\/v2\/pages\/1164\/revisions"}],"predecessor-version":[{"id":2915,"href":"https:\/\/www.zenetqi.fr\/index.php\/wp-json\/wp\/v2\/pages\/1164\/revisions\/2915"}],"wp:attachment":[{"href":"https:\/\/www.zenetqi.fr\/index.php\/wp-json\/wp\/v2\/media?parent=1164"}],"curies":[{"name":"wp","href":"https:\/\/api.w.org\/{rel}","templated":true}]}}