{"id":1074,"date":"2019-09-05T12:38:52","date_gmt":"2019-09-05T10:38:52","guid":{"rendered":"https:\/\/www.zenetqi.fr\/?page_id=1074"},"modified":"2024-08-14T13:16:17","modified_gmt":"2024-08-14T11:16:17","slug":"oceane-rome","status":"publish","type":"page","link":"https:\/\/www.zenetqi.fr\/index.php\/oceane-rome\/","title":{"rendered":"Oceane rome"},"content":{"rendered":"<p>[et_pb_section fb_built=\u00a0\u00bb1&Prime; fullwidth=\u00a0\u00bbon\u00a0\u00bb _builder_version=\u00a0\u00bb4.16&Prime; background_color=\u00a0\u00bb#f2f2f2&Prime; custom_padding=\u00a0\u00bb||100px||false|false\u00a0\u00bb global_colors_info=\u00a0\u00bb{}\u00a0\u00bb][et_pb_fullwidth_post_title meta=\u00a0\u00bboff\u00a0\u00bb featured_image=\u00a0\u00bboff\u00a0\u00bb _builder_version=\u00a0\u00bb4.16&Prime; title_text_align=\u00a0\u00bbcenter\u00a0\u00bb title_font_size=\u00a0\u00bb36px\u00a0\u00bb global_colors_info=\u00a0\u00bb{}\u00a0\u00bb][\/et_pb_fullwidth_post_title][\/et_pb_section][et_pb_section fb_built=\u00a0\u00bb1&Prime; _builder_version=\u00a0\u00bb4.16&Prime; global_colors_info=\u00a0\u00bb{}\u00a0\u00bb][et_pb_row _builder_version=\u00a0\u00bb4.16&Prime; background_size=\u00a0\u00bbinitial\u00a0\u00bb background_position=\u00a0\u00bbtop_left\u00a0\u00bb background_repeat=\u00a0\u00bbrepeat\u00a0\u00bb custom_padding=\u00a0\u00bb||9px|||\u00a0\u00bb global_colors_info=\u00a0\u00bb{}\u00a0\u00bb][et_pb_column type=\u00a0\u00bb4_4&Prime; _builder_version=\u00a0\u00bb4.16&Prime; custom_padding=\u00a0\u00bb|||\u00a0\u00bb global_colors_info=\u00a0\u00bb{}\u00a0\u00bb custom_padding__hover=\u00a0\u00bb|||\u00a0\u00bb][et_pb_image src=\u00a0\u00bbhttps:\/\/www.zenetqi.fr\/wp-content\/uploads\/2023\/08\/Oceane-Rome.jpg\u00a0\u00bb alt=\u00a0\u00bbOc\u00e9ane Rome Professeur de yoga Yin\/Yang\u00a0\u00bb title_text=\u00a0\u00bbOc\u00e9ane Rome Professeur de yoga Yin\/Yang\u00a0\u00bb align=\u00a0\u00bbcenter\u00a0\u00bb _builder_version=\u00a0\u00bb4.18.0&Prime; global_colors_info=\u00a0\u00bb{}\u00a0\u00bb][\/et_pb_image][et_pb_text _builder_version=\u00a0\u00bb4.18.0&Prime; background_size=\u00a0\u00bbinitial\u00a0\u00bb background_position=\u00a0\u00bbtop_left\u00a0\u00bb background_repeat=\u00a0\u00bbrepeat\u00a0\u00bb global_colors_info=\u00a0\u00bb{}\u00a0\u00bb]<\/p>\n<h2><\/h2>\n<h2><\/h2>\n<h2>Cours de Yoga Yin\/Yang<\/h2>\n<p>&nbsp;<\/p>\n<p>Nouveau au centre Zen et Qi, un cours de Yoga Yin\/Yang, un cours tout en douceur pour \u00e9quilibrer les \u00e9nergies dans le corps.<br \/>Le cours comprend quelques mouvements corporels, des postures statiques Yin, de la respiration et de la m\u00e9ditation.<\/p>\n<p>&nbsp;<\/p>\n<p>&nbsp;<\/p>\n<p>&nbsp;<\/p>\n<div data-mesh-id=\"comp-l74vnhwyinlineContent\" data-testid=\"inline-content\" class=\"\">\n<div data-mesh-id=\"comp-l74vnhwyinlineContent-gridContainer\" data-testid=\"mesh-container-content\">\n<div id=\"comp-l74vp6ss\" class=\"KcpHeO tz5f0K comp-l74vp6ss wixui-rich-text\" data-testid=\"richTextElement\">\n<h2>FORMATIONS<\/h2>\n<h2 class=\"font_2 wixui-rich-text__text\" style=\"font-size: 22px; line-height: 1em;\"><span style=\"font-size: 22px;\" class=\"wixui-rich-text__text\"><span style=\"letter-spacing: normal;\" class=\"wixui-rich-text__text\"><span style=\"color: #7a736f;\" class=\"wixui-rich-text__text\"><span style=\"font-weight: normal;\" class=\"wixui-rich-text__text\"><span style=\"font-family: playfairdisplay-bold,playfair display,serif;\" class=\"wixui-rich-text__text\">\u00a0<\/span><\/span><\/span><\/span><\/span><\/h2>\n<\/div>\n<div id=\"comp-l74vpqmt\" class=\"KcpHeO tz5f0K comp-l74vpqmt wixui-rich-text\" data-testid=\"richTextElement\">\n<ul class=\"font_8 wixui-rich-text__text\" style=\"font-family: cormorantgaramond-light,cormorantgaramond,cormorant garamond,serif; font-size: 19px;\">\n<li style=\"line-height: 1.5em;\" class=\"wixui-rich-text__text\">\n<p class=\"font_8 wixui-rich-text__text\" style=\"font-size: 19px; line-height: 1.5em;\"><span style=\"font-size: 19px;\" class=\"wixui-rich-text__text\"><span style=\"font-family: cormorantgaramond-light,cormorantgaramond,cormorant garamond,serif;\" class=\"wixui-rich-text__text\"><span style=\"letter-spacing: normal;\" class=\"wixui-rich-text__text\"><span style=\"font-style: italic;\" class=\"wixui-rich-text__text\">200h Ashtanga Vinyasa<\/span> @ Sampoorna Yoga, Goa, Inde<\/span><\/span><\/span><\/p>\n<\/li>\n<li style=\"line-height: 1.5em;\" class=\"wixui-rich-text__text\">\n<p class=\"font_8 wixui-rich-text__text\" style=\"font-size: 19px; line-height: 1.5em;\"><span style=\"font-size: 19px;\" class=\"wixui-rich-text__text\"><span style=\"font-family: cormorantgaramond-light,cormorantgaramond,cormorant garamond,serif;\" class=\"wixui-rich-text__text\"><span style=\"letter-spacing: normal;\" class=\"wixui-rich-text__text\"><span style=\"font-style: italic;\" class=\"wixui-rich-text__text\">50h Yin Yoga<\/span> @ Sampoorna Yoga, Goa, Inde<\/span><\/span><\/span><\/p>\n<\/li>\n<li style=\"line-height: 1.5em;\" class=\"wixui-rich-text__text\">\n<p class=\"font_8 wixui-rich-text__text\" style=\"font-size: 19px; line-height: 1.5em;\"><span style=\"font-size: 19px;\" class=\"wixui-rich-text__text\"><span style=\"font-family: cormorantgaramond-light,cormorantgaramond,cormorant garamond,serif;\" class=\"wixui-rich-text__text\"><span style=\"letter-spacing: normal;\" class=\"wixui-rich-text__text\"><span style=\"font-style: italic;\" class=\"wixui-rich-text__text\">50h Budokon Yoga a<\/span>vec Cameron &amp; Melayne Shayne<\/span><\/span><\/span><\/p>\n<\/li>\n<li style=\"line-height: 1.5em;\" class=\"wixui-rich-text__text\">\n<p class=\"font_8 wixui-rich-text__text\" style=\"font-size: 19px; line-height: 1.5em;\"><span style=\"font-size: 19px;\" class=\"wixui-rich-text__text\"><span style=\"font-family: cormorantgaramond-light,cormorantgaramond,cormorant garamond,serif;\" class=\"wixui-rich-text__text\"><span style=\"letter-spacing: normal;\" class=\"wixui-rich-text__text\"><span style=\"font-style: italic;\" class=\"wixui-rich-text__text\">300h Approfondissement Vinyasa et Mouvement<\/span>\u00a0@ Radiantly Alive, Bali, avec Carlos Tao<\/span><\/span><\/span><\/p>\n<\/li>\n<li style=\"line-height: 1.5em;\" class=\"wixui-rich-text__text\">\n<p class=\"font_8 wixui-rich-text__text\" style=\"font-size: 19px; line-height: 1.5em;\"><span style=\"font-size: 19px;\" class=\"wixui-rich-text__text\"><span style=\"font-family: cormorantgaramond-light,cormorantgaramond,cormorant garamond,serif;\" class=\"wixui-rich-text__text\"><span style=\"letter-spacing: normal;\" class=\"wixui-rich-text__text\"><span style=\"font-style: italic;\" class=\"wixui-rich-text__text\">50h Contact Beyond Contact<\/span>, Danse, avec Vangelis Legakis, Unity Space, Bali<\/span><\/span><\/span><\/p>\n<\/li>\n<li style=\"line-height: 1.5em;\" class=\"wixui-rich-text__text\">\n<p class=\"font_8 wixui-rich-text__text\" style=\"font-size: 19px; line-height: 1.5em;\"><span style=\"font-size: 19px;\" class=\"wixui-rich-text__text\"><span style=\"font-family: cormorantgaramond-light,cormorantgaramond,cormorant garamond,serif;\" class=\"wixui-rich-text__text\"><span style=\"letter-spacing: normal;\" class=\"wixui-rich-text__text\"><span style=\"font-style: italic;\" class=\"wixui-rich-text__text\">50h Embodied Yin Level 1<\/span> avec Satu Tuomela\u00a0<\/span><\/span><\/span><\/p>\n<\/li>\n<li style=\"line-height: 1.5em;\" class=\"wixui-rich-text__text\">\n<p class=\"font_8 wixui-rich-text__text\" style=\"font-size: 19px; line-height: 1.5em;\"><span style=\"font-size: 19px;\" class=\"wixui-rich-text__text\"><span style=\"font-family: cormorantgaramond-light,cormorantgaramond,cormorant garamond,serif;\" class=\"wixui-rich-text__text\"><span style=\"letter-spacing: normal;\" class=\"wixui-rich-text__text\"><span style=\"font-style: italic;\" class=\"wixui-rich-text__text\">30h Embodied Yin Level 2<\/span> avec Satu Tuomela<\/span><\/span><\/span><\/p>\n<\/li>\n<li style=\"line-height: 1.5em;\" class=\"wixui-rich-text__text\">\n<p class=\"font_8 wixui-rich-text__text\" style=\"font-size: 19px; line-height: 1.5em;\"><span style=\"font-size: 19px;\" class=\"wixui-rich-text__text\"><span style=\"font-family: cormorantgaramond-light,cormorantgaramond,cormorant garamond,serif;\" class=\"wixui-rich-text__text\"><span style=\"letter-spacing: normal;\" class=\"wixui-rich-text__text\"><span style=\"font-style: italic;\" class=\"wixui-rich-text__text\">50h Yin Yoga Somatique<\/span> avec Carlos Romero\u00a0<\/span><\/span><\/span><\/p>\n<\/li>\n<li style=\"line-height: 1.5em;\" class=\"wixui-rich-text__text\">\n<p class=\"font_8 wixui-rich-text__text\" style=\"font-size: 19px; line-height: 1.5em;\"><span style=\"font-size: 19px;\" class=\"wixui-rich-text__text\"><span style=\"font-family: cormorantgaramond-light,cormorantgaramond,cormorant garamond,serif;\" class=\"wixui-rich-text__text\"><span style=\"letter-spacing: normal;\" class=\"wixui-rich-text__text\"><span style=\"font-style: italic;\" class=\"wixui-rich-text__text\">50h Yin Yoga Chamanique et Yoga du Son<\/span> avec Romulo Pelliza<\/span><\/span><\/span><\/p>\n<\/li>\n<li style=\"line-height: 1.5em;\" class=\"wixui-rich-text__text\">\n<p class=\"font_8 wixui-rich-text__text\" style=\"font-size: 19px; line-height: 1.5em;\"><span style=\"font-size: 19px;\" class=\"wixui-rich-text__text\"><span style=\"font-family: cormorantgaramond-light,cormorantgaramond,cormorant garamond,serif;\" class=\"wixui-rich-text__text\"><span style=\"letter-spacing: normal;\" class=\"wixui-rich-text__text\"><span style=\"font-style: italic;\" class=\"wixui-rich-text__text\">50h Yin Yoga<\/span> avec Josh Summers<\/span><\/span><\/span><\/p>\n<\/li>\n<li style=\"line-height: 1.5em;\" class=\"wixui-rich-text__text\">\n<p class=\"font_8 wixui-rich-text__text\" style=\"font-size: 19px; line-height: 1.5em;\"><span style=\"font-size: 19px;\" class=\"wixui-rich-text__text\"><span style=\"font-family: cormorantgaramond-light,cormorantgaramond,cormorant garamond,serif;\" class=\"wixui-rich-text__text\"><span style=\"letter-spacing: normal;\" class=\"wixui-rich-text__text\"><span style=\"font-style: italic;\" class=\"wixui-rich-text__text\">20h Tantric Philosophy and Practice<\/span> avec Collette Davis<\/span><\/span><\/span><\/p>\n<\/li>\n<li style=\"line-height: 1.5em;\" class=\"wixui-rich-text__text\">\n<p class=\"font_8 wixui-rich-text__text\" style=\"font-size: 19px; line-height: 1.5em;\"><span style=\"font-size: 19px;\" class=\"wixui-rich-text__text\"><span style=\"font-family: cormorantgaramond-light,cormorantgaramond,cormorant garamond,serif;\" class=\"wixui-rich-text__text\"><span style=\"letter-spacing: normal;\" class=\"wixui-rich-text__text\"><span style=\"font-style: italic;\" class=\"wixui-rich-text__text\">50h Yin Yoga et Restauratif, Gestion du Stress<\/span>, avec Romulo Pelliza<\/span><\/span><\/span><\/p>\n<\/li>\n<li style=\"line-height: 1.5em;\" class=\"wixui-rich-text__text\">\n<p class=\"font_8 wixui-rich-text__text\" style=\"font-size: 19px; line-height: 1.5em;\"><span style=\"font-size: 19px;\" class=\"wixui-rich-text__text\"><span style=\"font-family: cormorantgaramond-light,cormorantgaramond,cormorant garamond,serif;\" class=\"wixui-rich-text__text\"><span style=\"letter-spacing: normal;\" class=\"wixui-rich-text__text\"><span style=\"font-style: italic;\" class=\"wixui-rich-text__text\">Yoga du Son<\/span> avec Puja Prema, Vannes<\/span><\/span><\/span><span style=\"font-size: 19px;\" class=\"wixui-rich-text__text\"><span style=\"font-family: cormorantgaramond-light,cormorantgaramond,cormorant garamond,serif;\" class=\"wixui-rich-text__text\"><span style=\"letter-spacing: normal;\" class=\"wixui-rich-text__text\"><\/span><\/span><\/span><\/p>\n<\/li>\n<\/ul>\n<p><span style=\"font-size: 19px;\" class=\"wixui-rich-text__text\"><span style=\"font-family: cormorantgaramond-light,cormorantgaramond,cormorant garamond,serif;\" class=\"wixui-rich-text__text\"><span style=\"letter-spacing: normal;\" class=\"wixui-rich-text__text\"><\/span><\/span><\/span><\/p>\n<p>&nbsp;<\/p>\n<h2>TARIF<\/h2>\n<p><span style=\"font-size: 19px;\" class=\"wixui-rich-text__text\"><span style=\"font-family: cormorantgaramond-light,cormorantgaramond,cormorant garamond,serif;\" class=\"wixui-rich-text__text\"><span style=\"letter-spacing: normal;\" class=\"wixui-rich-text__text\">nous consulter.<br \/><\/span><\/span><\/span><\/p>\n<p><span style=\"font-size: 19px;\" class=\"wixui-rich-text__text\"><span style=\"font-family: cormorantgaramond-light,cormorantgaramond,cormorant garamond,serif;\" class=\"wixui-rich-text__text\"><span style=\"letter-spacing: normal;\" class=\"wixui-rich-text__text\"><\/span><\/span><\/span><\/p>\n<p><span style=\"font-size: 19px;\" class=\"wixui-rich-text__text\"><span style=\"font-family: cormorantgaramond-light,cormorantgaramond,cormorant garamond,serif;\" class=\"wixui-rich-text__text\"><span style=\"letter-spacing: normal;\" class=\"wixui-rich-text__text\"><\/span><\/span><\/span><\/p>\n<p><span style=\"font-size: 19px;\" class=\"wixui-rich-text__text\"><span style=\"font-family: cormorantgaramond-light,cormorantgaramond,cormorant garamond,serif;\" class=\"wixui-rich-text__text\"><span style=\"letter-spacing: normal;\" class=\"wixui-rich-text__text\"><\/span><\/span><\/span><\/p>\n<h2>Inscriptions et informations<\/h2>\n<p>\u00a0<a href=\"mailto:oceaneromeyoga@gmail.com\">oceaneromeyoga@gmail.com<\/a><\/p>\n<p>&nbsp;<\/p>\n<p>&nbsp;<\/p>\n<p>&nbsp;<\/p>\n<\/div>\n<\/div>\n<\/div>\n<p>[\/et_pb_text][\/et_pb_column][\/et_pb_row][\/et_pb_section]<\/p>\n","protected":false},"excerpt":{"rendered":"<p>Cours de Yoga Yin\/Yang &nbsp; Nouveau au centre Zen et Qi, un cours de Yoga Yin\/Yang, un cours tout en douceur pour \u00e9quilibrer les \u00e9nergies dans le corps.Le cours comprend quelques mouvements corporels, des postures statiques Yin, de la respiration et de la m\u00e9ditation. &nbsp; &nbsp; &nbsp; FORMATIONS \u00a0 200h Ashtanga Vinyasa @ Sampoorna Yoga, [&hellip;]<\/p>\n","protected":false},"author":1,"featured_media":0,"parent":0,"menu_order":0,"comment_status":"closed","ping_status":"closed","template":"","meta":{"_et_pb_use_builder":"on","_et_pb_old_content":"<img class=\"size-full wp-image-1060 aligncenter\" src=\"https:\/\/www.zenetqi.fr\/wp-content\/uploads\/2019\/09\/Sylvain1.jpg\" alt=\"\" width=\"425\" height=\"382\" \/>\r\n\r\n\u00a0\r\n<div class=\"moz-forward-container\">\r\n\r\n\u00a0\u00a0 Je vous propose cette ann\u00e9e un atelier de yoga dans le cadre de ma derni\u00e8re ann\u00e9e de formation \u00e0 l'enseignement du yoga.\r\n\r\nJ'ai commenc\u00e9 \u00e0 pratiquer le yoga tib\u00e9tain suite \u00e0 un accident. Ce yoga tr\u00e8s accessible m'a tr\u00e8s vite convaincu. Il permet l'acquisition d'une v\u00e9ritable autonomie pour prendre soin de soi et am\u00e9liorer sa qualit\u00e9 de vie.\r\n\r\nMa pratique est rapidement devenue un plaisir, a beaucoup contribu\u00e9 \u00e0 ma remise en forme, puis est devenue un chemin de d\u00e9veloppement personnel. J'ai souhait\u00e9 pouvoir transmettre ce savoir \u00e0 mes enfants, puis le partager plus largement. L'enseignement est pour moi le prolongement de ma pratique.\r\n\r\nEmmmanuel Desjeux m'a propos\u00e9 de me former. J'ai suivi pendant deux ans des cours didactiques et pratiques.\r\n\r\n\u00a0\r\n\r\nPour cette derni\u00e8re ann\u00e9e de formation, je b\u00e9n\u00e9ficierai du suivi et des conseils de mon formateur.\r\n\r\n\u00a0\r\n\r\n<\/div>","_et_gb_content_width":"","footnotes":""},"class_list":["post-1074","page","type-page","status-publish","hentry"],"_links":{"self":[{"href":"https:\/\/www.zenetqi.fr\/index.php\/wp-json\/wp\/v2\/pages\/1074","targetHints":{"allow":["GET"]}}],"collection":[{"href":"https:\/\/www.zenetqi.fr\/index.php\/wp-json\/wp\/v2\/pages"}],"about":[{"href":"https:\/\/www.zenetqi.fr\/index.php\/wp-json\/wp\/v2\/types\/page"}],"author":[{"embeddable":true,"href":"https:\/\/www.zenetqi.fr\/index.php\/wp-json\/wp\/v2\/users\/1"}],"replies":[{"embeddable":true,"href":"https:\/\/www.zenetqi.fr\/index.php\/wp-json\/wp\/v2\/comments?post=1074"}],"version-history":[{"count":39,"href":"https:\/\/www.zenetqi.fr\/index.php\/wp-json\/wp\/v2\/pages\/1074\/revisions"}],"predecessor-version":[{"id":2814,"href":"https:\/\/www.zenetqi.fr\/index.php\/wp-json\/wp\/v2\/pages\/1074\/revisions\/2814"}],"wp:attachment":[{"href":"https:\/\/www.zenetqi.fr\/index.php\/wp-json\/wp\/v2\/media?parent=1074"}],"curies":[{"name":"wp","href":"https:\/\/api.w.org\/{rel}","templated":true}]}}