{"id":1037,"date":"2019-08-25T19:55:15","date_gmt":"2019-08-25T17:55:15","guid":{"rendered":"https:\/\/www.zenetqi.fr\/?page_id=1037"},"modified":"2019-09-11T20:40:16","modified_gmt":"2019-09-11T18:40:16","slug":"formaprof","status":"publish","type":"page","link":"https:\/\/www.zenetqi.fr\/index.php\/formaprof\/","title":{"rendered":"Formation au m\u00e9tier de professeur de yoga"},"content":{"rendered":"<p>[et_pb_section fb_built=\u00a0\u00bb1&Prime; fullwidth=\u00a0\u00bbon\u00a0\u00bb _builder_version=\u00a0\u00bb3.27.4&Prime; background_color=\u00a0\u00bb#f2f2f2&Prime; custom_padding=\u00a0\u00bb||100px||false|false\u00a0\u00bb fb_built=\u00a0\u00bb1&Prime; _i=\u00a0\u00bb0&Prime; _address=\u00a0\u00bb0&Prime;][et_pb_fullwidth_post_title meta=\u00a0\u00bboff\u00a0\u00bb featured_image=\u00a0\u00bboff\u00a0\u00bb _builder_version=\u00a0\u00bb3.27.4&Prime; title_text_align=\u00a0\u00bbcenter\u00a0\u00bb title_font_size=\u00a0\u00bb36px\u00a0\u00bb _i=\u00a0\u00bb0&Prime; _address=\u00a0\u00bb0.0&Prime;][\/et_pb_fullwidth_post_title][\/et_pb_section][et_pb_section fb_built=\u00a0\u00bb1&Prime; _builder_version=\u00a0\u00bb3.22&Prime; fb_built=\u00a0\u00bb1&Prime; _i=\u00a0\u00bb1&Prime; _address=\u00a0\u00bb1&Prime;][et_pb_row _builder_version=\u00a0\u00bb3.25&Prime; background_size=\u00a0\u00bbinitial\u00a0\u00bb background_position=\u00a0\u00bbtop_left\u00a0\u00bb background_repeat=\u00a0\u00bbrepeat\u00a0\u00bb _i=\u00a0\u00bb0&Prime; _address=\u00a0\u00bb1.0&Prime;][et_pb_column type=\u00a0\u00bb4_4&Prime; _builder_version=\u00a0\u00bb3.25&Prime; custom_padding=\u00a0\u00bb|||\u00a0\u00bb _i=\u00a0\u00bb0&Prime; _address=\u00a0\u00bb1.0.0&Prime; custom_padding__hover=\u00a0\u00bb|||\u00a0\u00bb][et_pb_image src=\u00a0\u00bbhttps:\/\/www.zenetqi.fr\/wp-content\/uploads\/2019\/08\/llivres.jpg\u00a0\u00bb align=\u00a0\u00bbcenter\u00a0\u00bb _builder_version=\u00a0\u00bb3.27.4&Prime; hover_enabled=\u00a0\u00bb0&Prime; _i=\u00a0\u00bb0&Prime; _address=\u00a0\u00bb1.0.0.0&Prime;][\/et_pb_image][et_pb_text _builder_version=\u00a0\u00bb3.27.4&Prime; background_size=\u00a0\u00bbinitial\u00a0\u00bb background_position=\u00a0\u00bbtop_left\u00a0\u00bb background_repeat=\u00a0\u00bbrepeat\u00a0\u00bb hover_enabled=\u00a0\u00bb0&Prime; _i=\u00a0\u00bb1&Prime; _address=\u00a0\u00bb1.0.0.1&Prime; text_orientation=\u00a0\u00bbjustified\u00a0\u00bb]La formation dure trois ans pour un \u00e9l\u00e8ve ayant d\u00e9j\u00e0 une bonne pratique de yoga. Le postulant s\u2019engage \u00e0 prendre 32 cours particuliers par ans. La derni\u00e8re ann\u00e9e est une ann\u00e9e didactique\u00a0: il propose des ateliers de 45 minutes pour des petits groupes de deux \u00e0 quatre personnes. Chaque atelier donn\u00e9 est analys\u00e9 et comment\u00e9 en cours individuel avec le formateur.<\/p>\n<p>Trois cursus sont propos\u00e9s\u00a0:<\/p>\n<ul>\n<li>Yoga tib\u00e9tain<\/li>\n<li>Yoga pr\u00e9natal<\/li>\n<li>Yoga des yeux<\/li>\n<\/ul>\n<p>A l\u2019issu de la troisi\u00e8me ann\u00e9e, \u00a0il est remis un dipl\u00f4me certifi\u00e9 par le Centre Zen et Qi.[\/et_pb_text][\/et_pb_column][\/et_pb_row][\/et_pb_section]<\/p>\n","protected":false},"excerpt":{"rendered":"<p>La formation dure trois ans pour un \u00e9l\u00e8ve ayant d\u00e9j\u00e0 une bonne pratique de yoga. Le postulant s\u2019engage \u00e0 prendre 32 cours particuliers par ans. La derni\u00e8re ann\u00e9e est une ann\u00e9e didactique\u00a0: il propose des ateliers de 45 minutes pour des petits groupes de deux \u00e0 quatre personnes. Chaque atelier donn\u00e9 est analys\u00e9 et comment\u00e9 [&hellip;]<\/p>\n","protected":false},"author":1,"featured_media":0,"parent":0,"menu_order":0,"comment_status":"closed","ping_status":"closed","template":"","meta":{"_et_pb_use_builder":"on","_et_pb_old_content":"<p>\u00a0<\/p><p>La formation dure trois ans pour un \u00e9l\u00e8ve ayant d\u00e9j\u00e0 une bonne pratique de yoga. Le postulant s\u2019engage \u00e0 prendre 32 cours particuliers par ans. La derni\u00e8re ann\u00e9e est une ann\u00e9e didactique\u00a0: il propose des ateliers de 45 minutes pour des petits groupes de deux \u00e0 quatre personnes. Chaque atelier donn\u00e9 est analys\u00e9 et comment\u00e9 en cours individuel avec le formateur.<\/p><p><img class=\"alignleft size-full wp-image-1040\" src=\"https:\/\/www.zenetqi.fr\/wp-content\/uploads\/2019\/08\/llivres.jpg\" alt=\"\" width=\"283\" height=\"213\" \/><\/p><p>\u00a0<\/p><p>Trois cursus sont propos\u00e9s\u00a0:<\/p><ul><li>Yoga tib\u00e9tain<\/li><li>Yoga pr\u00e9natal<\/li><li>Yoga des yeux<\/li><\/ul><p>\u00a0<\/p><p>\u00a0<\/p><p>A l\u2019issu de la troisi\u00e8me ann\u00e9e, \u00a0il est remis un dipl\u00f4me certifi\u00e9 par le Centre Zen et Qi.<\/p><p>\u00a0<\/p><p>\u00a0<\/p><p>\u00a0<\/p><p>\u00a0<\/p><p>\u00a0<\/p>","_et_gb_content_width":"","footnotes":""},"class_list":["post-1037","page","type-page","status-publish","hentry"],"_links":{"self":[{"href":"https:\/\/www.zenetqi.fr\/index.php\/wp-json\/wp\/v2\/pages\/1037","targetHints":{"allow":["GET"]}}],"collection":[{"href":"https:\/\/www.zenetqi.fr\/index.php\/wp-json\/wp\/v2\/pages"}],"about":[{"href":"https:\/\/www.zenetqi.fr\/index.php\/wp-json\/wp\/v2\/types\/page"}],"author":[{"embeddable":true,"href":"https:\/\/www.zenetqi.fr\/index.php\/wp-json\/wp\/v2\/users\/1"}],"replies":[{"embeddable":true,"href":"https:\/\/www.zenetqi.fr\/index.php\/wp-json\/wp\/v2\/comments?post=1037"}],"version-history":[{"count":7,"href":"https:\/\/www.zenetqi.fr\/index.php\/wp-json\/wp\/v2\/pages\/1037\/revisions"}],"predecessor-version":[{"id":1280,"href":"https:\/\/www.zenetqi.fr\/index.php\/wp-json\/wp\/v2\/pages\/1037\/revisions\/1280"}],"wp:attachment":[{"href":"https:\/\/www.zenetqi.fr\/index.php\/wp-json\/wp\/v2\/media?parent=1037"}],"curies":[{"name":"wp","href":"https:\/\/api.w.org\/{rel}","templated":true}]}}