{"id":1023,"date":"2019-08-25T18:55:34","date_gmt":"2019-08-25T16:55:34","guid":{"rendered":"https:\/\/www.zenetqi.fr\/?page_id=1023"},"modified":"2024-08-14T13:11:33","modified_gmt":"2024-08-14T11:11:33","slug":"yoga-en-entreprise","status":"publish","type":"page","link":"https:\/\/www.zenetqi.fr\/index.php\/yoga-en-entreprise\/","title":{"rendered":"Yoga en entreprise"},"content":{"rendered":"<p>[et_pb_section fb_built=\u00a0\u00bb1&Prime; fullwidth=\u00a0\u00bbon\u00a0\u00bb _builder_version=\u00a0\u00bb4.16&Prime; background_color=\u00a0\u00bb#f2f2f2&Prime; custom_padding=\u00a0\u00bb||100px||false|false\u00a0\u00bb global_colors_info=\u00a0\u00bb{}\u00a0\u00bb][et_pb_fullwidth_post_title meta=\u00a0\u00bboff\u00a0\u00bb featured_image=\u00a0\u00bboff\u00a0\u00bb _builder_version=\u00a0\u00bb4.16&Prime; title_text_align=\u00a0\u00bbcenter\u00a0\u00bb title_font_size=\u00a0\u00bb36px\u00a0\u00bb global_colors_info=\u00a0\u00bb{}\u00a0\u00bb][\/et_pb_fullwidth_post_title][\/et_pb_section][et_pb_section fb_built=\u00a0\u00bb1&Prime; _builder_version=\u00a0\u00bb4.16&Prime; global_colors_info=\u00a0\u00bb{}\u00a0\u00bb][et_pb_row _builder_version=\u00a0\u00bb4.16&Prime; background_size=\u00a0\u00bbinitial\u00a0\u00bb background_position=\u00a0\u00bbtop_left\u00a0\u00bb background_repeat=\u00a0\u00bbrepeat\u00a0\u00bb global_colors_info=\u00a0\u00bb{}\u00a0\u00bb][et_pb_column type=\u00a0\u00bb4_4&Prime; _builder_version=\u00a0\u00bb4.16&Prime; custom_padding=\u00a0\u00bb|||\u00a0\u00bb global_colors_info=\u00a0\u00bb{}\u00a0\u00bb custom_padding__hover=\u00a0\u00bb|||\u00a0\u00bb][et_pb_text _builder_version=\u00a0\u00bb4.16&Prime; background_size=\u00a0\u00bbinitial\u00a0\u00bb background_position=\u00a0\u00bbtop_left\u00a0\u00bb background_repeat=\u00a0\u00bbrepeat\u00a0\u00bb text_orientation=\u00a0\u00bbjustified\u00a0\u00bb global_colors_info=\u00a0\u00bb{}\u00a0\u00bb]<\/p>\n<h2>Le bien-\u00eatre en entreprise\u00a0: la cl\u00e9 d\u2019une r\u00e9ussite \u00e9conomique et sociale\u00a0!<\/h2>\n<p>La relaxation prot\u00e8ge la sant\u00e9 physique et mentale des salari\u00e9s. En am\u00e9liorant le potentiel intellectuel, elle permet d\u2019augmenter la productivit\u00e9 et la rentabilit\u00e9 d\u2019une fa\u00e7on efficace simple et peu couteuse.<\/p>\n<p>Proposer des cours de yoga r\u00e9pond \u00e0 une demande de plus en plus populaire. En\u00a0 affichant une image innovante, vous soignez la sant\u00e9 globale de vos collaborateurs,<\/p>\n<p>\u00e0 la fois sur le plan physique\u00a0:<\/p>\n<ul>\n<li>Mal de dos et troubles musculo-squelettiques<\/li>\n<li>Gestion pr\u00e9ventive et curative du stress<\/li>\n<li>Qualit\u00e9 de sommeil<\/li>\n<li>Oxyg\u00e9nation du cerveau gr\u00e2ce \u00e0 une respiration optimis\u00e9e<\/li>\n<\/ul>\n<p>Et sur le plan psychologique\u00a0:<\/p>\n<ul>\n<li>Ambiance psychologique<\/li>\n<li>Prise de conscience et gestion du stress<\/li>\n<li>Coh\u00e9rence de l\u2019esprit d\u2019\u00e9quipe<\/li>\n<li>Qualit\u00e9 du management, identification, pr\u00e9vention et \u00e9limination du stress.<\/li>\n<\/ul>\n<p>Il est maintenant clairement \u00e9tabli que les entreprises ayant une bonne ambiance de travail font des b\u00e9n\u00e9fices largement plus important, et fid\u00e9lisent la client\u00e8le qui devient promoteur de la marque.<\/p>\n<p>Une \u00e9quipe qui a une bonne flexibilit\u00e9 mentale et psychologique d\u00e9veloppe une r\u00e9elle capacit\u00e9 d\u2019adaptation face \u00e0 l\u2019impr\u00e9vu  et \u00e0 la gestion des conflits.[\/et_pb_text][et_pb_image src=\u00a0\u00bbhttps:\/\/www.zenetqi.fr\/wp-content\/uploads\/2019\/08\/entre2.jpg\u00a0\u00bb show_in_lightbox=\u00a0\u00bbon\u00a0\u00bb align=\u00a0\u00bbcenter\u00a0\u00bb _builder_version=\u00a0\u00bb4.16&Prime; global_colors_info=\u00a0\u00bb{}\u00a0\u00bb][\/et_pb_image][et_pb_text _builder_version=\u00a0\u00bb4.16&Prime; background_size=\u00a0\u00bbinitial\u00a0\u00bb background_position=\u00a0\u00bbtop_left\u00a0\u00bb background_repeat=\u00a0\u00bbrepeat\u00a0\u00bb text_orientation=\u00a0\u00bbjustified\u00a0\u00bb global_colors_info=\u00a0\u00bb{}\u00a0\u00bb]<\/p>\n<h3><\/h3>\n<h3>Des contraintes tr\u00e8s souples\u00a0:<\/h3>\n<p>Le professeur du centre Zen et Qi vient avec les tapis. Un espace de 2m\u00b2 par personne est suffisant, aucune tenue particuli\u00e8re n\u2019est requise. Les cours durent une heure et peuvent \u00eatre propos\u00e9s sur les horaires du d\u00e9jeuner ou \u00e0 tout autre moment de la journ\u00e9e.<br \/>Le cout est de 20\u20ac par personne, pour un cours de quatre \u00e0 douze participants dans les locaux de l&rsquo;entreprise.<br \/>Les inscriptions sont aussi possibles pour pratiquer au Centre Zen et Qi : 18\u20ac par personne dans un cours collectif, 45\u20ac pour un cours particulier.<\/p>\n<p>Chaque cours comprend une phase de d\u00e9tente, un \u00e9chauffement physique, des \u00e9tirements qui agissent sur la circulation des \u00e9nergies, et un moment d\u2019int\u00e9gration. Il apporte un effet durable dans le temps gr\u00e2ce aux prises de conscience r\u00e9p\u00e9t\u00e9es qui induisent des changements d\u2019habitudes.<\/p>\n<p>[\/et_pb_text][et_pb_image src=\u00a0\u00bbhttps:\/\/www.zenetqi.fr\/wp-content\/uploads\/2019\/08\/entre1.jpg\u00a0\u00bb show_in_lightbox=\u00a0\u00bbon\u00a0\u00bb align=\u00a0\u00bbcenter\u00a0\u00bb _builder_version=\u00a0\u00bb4.16&Prime; global_colors_info=\u00a0\u00bb{}\u00a0\u00bb][\/et_pb_image][et_pb_text _builder_version=\u00a0\u00bb4.16&Prime; global_colors_info=\u00a0\u00bb{}\u00a0\u00bb]<\/p>\n<p>Direction\u00a0: E.Desjeux<\/p>\n<p>T\u00e9l\u00e9phone\u00a0: 06 28 07 54 60<\/p>\n<p>Adresse mail\u00a0: zenetqi@free.fr<\/p>\n<p>[\/et_pb_text][\/et_pb_column][\/et_pb_row][\/et_pb_section]<\/p>\n","protected":false},"excerpt":{"rendered":"<p>Le bien-\u00eatre en entreprise\u00a0: la cl\u00e9 d\u2019une r\u00e9ussite \u00e9conomique et sociale\u00a0! La relaxation prot\u00e8ge la sant\u00e9 physique et mentale des salari\u00e9s. En am\u00e9liorant le potentiel intellectuel, elle permet d\u2019augmenter la productivit\u00e9 et la rentabilit\u00e9 d\u2019une fa\u00e7on efficace simple et peu couteuse. Proposer des cours de yoga r\u00e9pond \u00e0 une demande de plus en plus populaire. [&hellip;]<\/p>\n","protected":false},"author":1,"featured_media":0,"parent":0,"menu_order":0,"comment_status":"closed","ping_status":"closed","template":"","meta":{"_et_pb_use_builder":"on","_et_pb_old_content":"<h2>Le bien-\u00eatre en entreprise\u00a0: la cl\u00e9 d\u2019une r\u00e9ussite \u00e9conomique et sociale\u00a0!<\/h2>\r\nLa relaxation prot\u00e8ge la sant\u00e9 physique et mentale des salari\u00e9s. En am\u00e9liorant le potentiel intellectuel, elle permet d\u2019augmenter la productivit\u00e9 et la rentabilit\u00e9 d\u2019une fa\u00e7on efficace simple et peu couteuse.\r\n\r\nProposer des cours de yoga r\u00e9pond \u00e0 une demande de plus en plus populaire. En\u00a0 affichant une image innovante, vous soignez la sant\u00e9 globale de vos collaborateurs,\r\n\r\n\u00e0 la fois sur le plan physique\u00a0:\r\n<ul>\r\n \t<li>Mal de dos et troubles musculo-squelettiques<\/li>\r\n \t<li>Gestion pr\u00e9ventive et curative du stress<\/li>\r\n \t<li>Qualit\u00e9 de sommeil<\/li>\r\n \t<li>Oxyg\u00e9nation du cerveau gr\u00e2ce \u00e0 une respiration optimis\u00e9e<\/li>\r\n<\/ul>\r\nEt sur le plan psychologique\u00a0:\r\n<ul>\r\n \t<li>Ambiance psychologique<\/li>\r\n \t<li>Prise de conscience et gestion du stress<\/li>\r\n \t<li>Coh\u00e9rence de l\u2019esprit d\u2019\u00e9quipe<\/li>\r\n \t<li>Qualit\u00e9 du management, identification, pr\u00e9vention et \u00e9limination du stress.<\/li>\r\n<\/ul>\r\n<img class=\"alignleft size-full wp-image-1028\" src=\"https:\/\/www.zenetqi.fr\/wp-content\/uploads\/2019\/08\/entre2.jpg\" alt=\"\" width=\"425\" height=\"166\" \/>\r\n\r\n\u00a0\r\n\r\n\u00a0\r\n\r\n\u00a0\r\n\r\n\u00a0\r\n\r\n\u00a0\r\n\r\nIl est maintenant clairement \u00e9tabli que les entreprises ayant une bonne ambiance de travail font des b\u00e9n\u00e9fices largement plus important, et fid\u00e9lisent la client\u00e8le qui devient promoteur de la marque.\r\n\r\nUne \u00e9quipe qui a une bonne flexibilit\u00e9 mentale et psychologique d\u00e9veloppe une r\u00e9elle capacit\u00e9 d\u2019adaptation face \u00e0 l\u2019impr\u00e9vu \u00a0et \u00e0 la gestion des conflits.\r\n<h3>Des contraintes tr\u00e8s souples\u00a0:<\/h3>\r\nLe professeur du centre Zen et Qi vient avec les tapis. Un espace de 2m\u00b2 par personne est suffisant, aucune tenue particuli\u00e8re n\u2019est requise, les cours durent une heure et peuvent \u00eatre propos\u00e9 sur les horaires du d\u00e9jeuner ou \u00e0 tout autre moment de la journ\u00e9e. Le cout est de 16\u20ac par personne, pour un cours de quatre \u00e0 douze participants dans les locaux de l'entreprise. Les inscriptions sont aussi possibles pour pratiquer au Centre Zen et Qi : 14,53\u20ac par personne dans un cours collectif, 20,53\u20ac pour un cours particulier.\r\n\r\nChaque cours comprend une phase de d\u00e9tente, un \u00e9chauffement physique, des \u00e9tirements qui agissent sur la circulation des \u00e9nergies, et un moment d\u2019int\u00e9gration. Il apporte un effet durable dans le temps gr\u00e2ce aux prises de conscience r\u00e9p\u00e9t\u00e9es qui induisent des changements d\u2019habitudes.\r\n\r\n<img class=\"alignleft size-full wp-image-1030\" src=\"https:\/\/www.zenetqi.fr\/wp-content\/uploads\/2019\/08\/entre1.jpg\" alt=\"\" width=\"283\" height=\"321\" \/>\r\n\r\n\u00a0\r\n\r\n\u00a0\r\n\r\n\u00a0\r\n<h3><\/h3>\r\n<h3><\/h3>\r\n<h3><\/h3>\r\n<h3><\/h3>\r\n<h3><\/h3>\r\n<h3><\/h3>\r\n\u00a0\r\n\r\n\u00a0\r\n\r\n\u00a0\r\n<h3>Contact\u00a0:<\/h3>\r\nT\u00e9l. 06 28 07 54 60\u00a0\u00a0\u00a0\u00a0\u00a0 Site : www.zenetqi.fr\u00a0\u00a0\u00a0\u00a0\u00a0\u00a0\u00a0 mail : zenetqi@free.fr\r\n\r\nCentre Zen et Qi\r\n\r\n22, all\u00e9e du Cerny 44850 le Cellier\r\n\r\nAssociation 1901 Siret 5 28588080","_et_gb_content_width":"","footnotes":""},"class_list":["post-1023","page","type-page","status-publish","hentry"],"_links":{"self":[{"href":"https:\/\/www.zenetqi.fr\/index.php\/wp-json\/wp\/v2\/pages\/1023","targetHints":{"allow":["GET"]}}],"collection":[{"href":"https:\/\/www.zenetqi.fr\/index.php\/wp-json\/wp\/v2\/pages"}],"about":[{"href":"https:\/\/www.zenetqi.fr\/index.php\/wp-json\/wp\/v2\/types\/page"}],"author":[{"embeddable":true,"href":"https:\/\/www.zenetqi.fr\/index.php\/wp-json\/wp\/v2\/users\/1"}],"replies":[{"embeddable":true,"href":"https:\/\/www.zenetqi.fr\/index.php\/wp-json\/wp\/v2\/comments?post=1023"}],"version-history":[{"count":16,"href":"https:\/\/www.zenetqi.fr\/index.php\/wp-json\/wp\/v2\/pages\/1023\/revisions"}],"predecessor-version":[{"id":2810,"href":"https:\/\/www.zenetqi.fr\/index.php\/wp-json\/wp\/v2\/pages\/1023\/revisions\/2810"}],"wp:attachment":[{"href":"https:\/\/www.zenetqi.fr\/index.php\/wp-json\/wp\/v2\/media?parent=1023"}],"curies":[{"name":"wp","href":"https:\/\/api.w.org\/{rel}","templated":true}]}}